{"id":1008,"date":"2016-06-06T20:43:23","date_gmt":"2016-06-06T18:43:23","guid":{"rendered":"http:\/\/aor.bplaced.net\/wp\/?page_id=1008"},"modified":"2016-06-22T12:16:23","modified_gmt":"2016-06-22T10:16:23","slug":"rueckblick-eamf-03-05-juni-2016-in-disentis","status":"publish","type":"page","link":"https:\/\/aorh.ch\/?page_id=1008","title":{"rendered":"R\u00fcckblick EAMF 03.-05. Juni 2016 in Disentis"},"content":{"rendered":"<p><a href=\"https:\/\/aorh.ch\/wp-content\/uploads\/2016\/06\/disentis2016.png\"><img loading=\"lazy\" decoding=\"async\" class=\"aligncenter size-full wp-image-1013\" src=\"https:\/\/aorh.ch\/wp-content\/uploads\/2016\/06\/disentis2016.png\" alt=\"disentis2016\" width=\"143\" height=\"154\" \/><\/a><\/p>\n<p>St. Galler Tagblatt vom 09.06.2016<\/p>\n<p>H\u00f6chste Auszeichnung erspielt<br \/>\nMit den St\u00fccken \u00abRhapsodia Andalusia\u00bb und \u00abThe Lord Of The Dance\u00bb hat das Akkordeon-Orchester Rorschach am Eidgen\u00f6ssischen Musikfest \u00fcberzeugt. Es erhielt ein \u00abVorz\u00fcglich\u00bb von der Jury.<br \/>\nRORSCHACH. Das Akkordeon-Orchester Rorschach reiste am vergangenen Wochenende nach Disentis und nahm dort am 17. Eidgen\u00f6ssischen Akkordeon-Musikfest teil. Dieses Musikfest f\u00fcr Akkordeon-Musikantinnen und -Musikanten findet im Rhythmus von vier Jahren statt. Diverse Wettspiele und Musikvortr\u00e4ge mit gegen 1000 Teilnehmern von 80 Vereinen standen in Graub\u00fcnden auf dem umfangreichen Programm. Auch f\u00fcr das Akkordeon-Orchester Rorschach war der Auftritt am Musikfest ein eindr\u00fcckliches Erlebnis. Unter der musikalischen Leitung von Ruedi Wachter trugen die Rorschacher der Jury in der Kategorie Oberstufe das Pflichtst\u00fcck \u00abRhapsodia Andalusia\u00bb vor. Beim Wahlst\u00fcck haben sich die Musikantinnen und Musikanten vomBodensee f\u00fcr das irische St\u00fcck \u00abThe Lord Of The Dance\u00bb entschieden. Das Orchester \u00fcberzeugte mit seiner Darbietung. Es erreichte ein hervorragendes \u00abVorz\u00fcglich\u00bb, also die h\u00f6chste Auszeichnung. Die Akkordeonspieler m\u00f6chten sich an dieser Stelle bei allen Musikfreunden und G\u00f6nnern des Orchesters f\u00fcr die grossz\u00fcgige Unterst\u00fctzung bedanken. Nur dadurch ist die Teilnahme an solchen Anl\u00e4ssen \u00fcberhaupt m\u00f6glich. (Zu)<\/p>\n<p><a href=\"https:\/\/aorh.ch\/wp-content\/uploads\/2016\/06\/disentis6-2.jpg\"><img loading=\"lazy\" decoding=\"async\" class=\"aligncenter size-full wp-image-1027\" src=\"https:\/\/aorh.ch\/wp-content\/uploads\/2016\/06\/disentis6-2.jpg\" alt=\"disentis6\" width=\"2488\" height=\"1354\" srcset=\"https:\/\/aorh.ch\/wp-content\/uploads\/2016\/06\/disentis6-2.jpg 2488w, https:\/\/aorh.ch\/wp-content\/uploads\/2016\/06\/disentis6-2-300x163.jpg 300w, https:\/\/aorh.ch\/wp-content\/uploads\/2016\/06\/disentis6-2-768x418.jpg 768w, https:\/\/aorh.ch\/wp-content\/uploads\/2016\/06\/disentis6-2-1024x557.jpg 1024w\" sizes=\"auto, (max-width: 2488px) 100vw, 2488px\" \/><\/a><\/p>\n<p><a href=\"https:\/\/aorh.ch\/wp-content\/uploads\/2016\/06\/disentis7.jpg\"><img loading=\"lazy\" decoding=\"async\" class=\"aligncenter size-full wp-image-1023\" src=\"https:\/\/aorh.ch\/wp-content\/uploads\/2016\/06\/disentis7.jpg\" alt=\"disentis7\" width=\"2728\" height=\"1532\" srcset=\"https:\/\/aorh.ch\/wp-content\/uploads\/2016\/06\/disentis7.jpg 2728w, https:\/\/aorh.ch\/wp-content\/uploads\/2016\/06\/disentis7-300x168.jpg 300w, https:\/\/aorh.ch\/wp-content\/uploads\/2016\/06\/disentis7-768x431.jpg 768w, https:\/\/aorh.ch\/wp-content\/uploads\/2016\/06\/disentis7-1024x575.jpg 1024w\" sizes=\"auto, (max-width: 2728px) 100vw, 2728px\" \/><\/a><\/p>\n<p><a href=\"https:\/\/aorh.ch\/wp-content\/uploads\/2016\/06\/disentis8.jpg\"><img loading=\"lazy\" decoding=\"async\" class=\"aligncenter size-full wp-image-1024\" src=\"https:\/\/aorh.ch\/wp-content\/uploads\/2016\/06\/disentis8.jpg\" alt=\"disentis8\" width=\"2728\" height=\"1532\" srcset=\"https:\/\/aorh.ch\/wp-content\/uploads\/2016\/06\/disentis8.jpg 2728w, https:\/\/aorh.ch\/wp-content\/uploads\/2016\/06\/disentis8-300x168.jpg 300w, https:\/\/aorh.ch\/wp-content\/uploads\/2016\/06\/disentis8-768x431.jpg 768w, https:\/\/aorh.ch\/wp-content\/uploads\/2016\/06\/disentis8-1024x575.jpg 1024w\" sizes=\"auto, (max-width: 2728px) 100vw, 2728px\" \/><\/a><\/p>\n<p><a href=\"https:\/\/aorh.ch\/wp-content\/uploads\/2016\/06\/disentis9.jpg\"><img loading=\"lazy\" decoding=\"async\" class=\"aligncenter size-full wp-image-1025\" src=\"https:\/\/aorh.ch\/wp-content\/uploads\/2016\/06\/disentis9.jpg\" alt=\"disentis9\" width=\"2728\" height=\"1532\" srcset=\"https:\/\/aorh.ch\/wp-content\/uploads\/2016\/06\/disentis9.jpg 2728w, https:\/\/aorh.ch\/wp-content\/uploads\/2016\/06\/disentis9-300x168.jpg 300w, https:\/\/aorh.ch\/wp-content\/uploads\/2016\/06\/disentis9-768x431.jpg 768w, https:\/\/aorh.ch\/wp-content\/uploads\/2016\/06\/disentis9-1024x575.jpg 1024w\" sizes=\"auto, (max-width: 2728px) 100vw, 2728px\" \/><\/a><\/p>\n<p><a href=\"https:\/\/aorh.ch\/wp-content\/uploads\/2016\/06\/disentis10.jpg\"><img loading=\"lazy\" decoding=\"async\" class=\"aligncenter size-full wp-image-1030\" src=\"https:\/\/aorh.ch\/wp-content\/uploads\/2016\/06\/disentis10.jpg\" alt=\"disentis10\" width=\"3264\" height=\"2448\" srcset=\"https:\/\/aorh.ch\/wp-content\/uploads\/2016\/06\/disentis10.jpg 3264w, https:\/\/aorh.ch\/wp-content\/uploads\/2016\/06\/disentis10-300x225.jpg 300w, https:\/\/aorh.ch\/wp-content\/uploads\/2016\/06\/disentis10-768x576.jpg 768w, https:\/\/aorh.ch\/wp-content\/uploads\/2016\/06\/disentis10-1024x768.jpg 1024w\" sizes=\"auto, (max-width: 3264px) 100vw, 3264px\" \/><\/a><\/p>\n<p><a href=\"https:\/\/aorh.ch\/wp-content\/uploads\/2016\/06\/disentis11.jpg\"><img loading=\"lazy\" decoding=\"async\" class=\"aligncenter size-full wp-image-1031\" src=\"https:\/\/aorh.ch\/wp-content\/uploads\/2016\/06\/disentis11.jpg\" alt=\"disentis11\" width=\"3264\" height=\"2448\" srcset=\"https:\/\/aorh.ch\/wp-content\/uploads\/2016\/06\/disentis11.jpg 3264w, https:\/\/aorh.ch\/wp-content\/uploads\/2016\/06\/disentis11-300x225.jpg 300w, https:\/\/aorh.ch\/wp-content\/uploads\/2016\/06\/disentis11-768x576.jpg 768w, https:\/\/aorh.ch\/wp-content\/uploads\/2016\/06\/disentis11-1024x768.jpg 1024w\" sizes=\"auto, (max-width: 3264px) 100vw, 3264px\" \/><\/a><\/p>\n","protected":false},"excerpt":{"rendered":"<p>St. Galler Tagblatt vom 09.06.2016 H\u00f6chste Auszeichnung erspielt Mit den St\u00fccken \u00abRhapsodia Andalusia\u00bb und \u00abThe Lord Of The Dance\u00bb hat das Akkordeon-Orchester Rorschach am Eidgen\u00f6ssischen Musikfest \u00fcberzeugt. Es erhielt ein \u00abVorz\u00fcglich\u00bb von der Jury. RORSCHACH. Das Akkordeon-Orchester Rorschach reiste am vergangenen Wochenende nach Disentis und nahm dort am 17. Eidgen\u00f6ssischen Akkordeon-Musikfest teil. Dieses Musikfest f\u00fcr&hellip; <a class=\"more-link\" href=\"https:\/\/aorh.ch\/?page_id=1008\"><span class=\"screen-reader-text\">R\u00fcckblick EAMF 03.-05. Juni 2016 in Disentis<\/span> weiterlesen<\/a><\/p>\n","protected":false},"author":1,"featured_media":0,"parent":122,"menu_order":0,"comment_status":"closed","ping_status":"closed","template":"","meta":{"footnotes":""},"class_list":["post-1008","page","type-page","status-publish","hentry","entry"],"_links":{"self":[{"href":"https:\/\/aorh.ch\/index.php?rest_route=\/wp\/v2\/pages\/1008","targetHints":{"allow":["GET"]}}],"collection":[{"href":"https:\/\/aorh.ch\/index.php?rest_route=\/wp\/v2\/pages"}],"about":[{"href":"https:\/\/aorh.ch\/index.php?rest_route=\/wp\/v2\/types\/page"}],"author":[{"embeddable":true,"href":"https:\/\/aorh.ch\/index.php?rest_route=\/wp\/v2\/users\/1"}],"replies":[{"embeddable":true,"href":"https:\/\/aorh.ch\/index.php?rest_route=%2Fwp%2Fv2%2Fcomments&post=1008"}],"version-history":[{"count":6,"href":"https:\/\/aorh.ch\/index.php?rest_route=\/wp\/v2\/pages\/1008\/revisions"}],"predecessor-version":[{"id":1032,"href":"https:\/\/aorh.ch\/index.php?rest_route=\/wp\/v2\/pages\/1008\/revisions\/1032"}],"up":[{"embeddable":true,"href":"https:\/\/aorh.ch\/index.php?rest_route=\/wp\/v2\/pages\/122"}],"wp:attachment":[{"href":"https:\/\/aorh.ch\/index.php?rest_route=%2Fwp%2Fv2%2Fmedia&parent=1008"}],"curies":[{"name":"wp","href":"https:\/\/api.w.org\/{rel}","templated":true}]}}