{"id":1057,"date":"2016-11-29T18:11:22","date_gmt":"2016-11-29T17:11:22","guid":{"rendered":"http:\/\/aor.bplaced.net\/wp\/?page_id=1057"},"modified":"2016-11-29T18:15:19","modified_gmt":"2016-11-29T17:15:19","slug":"rueckblick-jahreskonzert-2016","status":"publish","type":"page","link":"https:\/\/aorh.ch\/?page_id=1057","title":{"rendered":"R\u00fcckblick Jahreskonzert 2016"},"content":{"rendered":"<p>Rorschacherecho.ch vom 28.11.2016<\/p>\n<p>Ein Saal voll moderner und urchiger Musik<\/p>\n<p>Das Szenario ist eigentlich schon lange bekannt: das Akkordeonorchester Rorschach l\u00e4dt zum Jahresprogramm und im\u00a0Stadthofsaal wird es sehr eng. So auch gestern, als die einheimischen Meister des Akkordeons zum insgesamt 33. Jahreskonzert gebeten haben. Mit dabei auch die Schwyzer\u00f6rgelifr\u00fcnde Rorschach und weitere junge Musiker. Nicht fehlen durfte nat\u00fcrlich eine Einlage des Akkordeonduos Wachter-Rutz mit Jacqueline Wachter. Hier einige Schnappsch\u00fcsse von gestern.<\/p>\n<p><a href=\"https:\/\/aorh.ch\/wp-content\/uploads\/2016\/11\/jk1601.jpg\"><img loading=\"lazy\" decoding=\"async\" class=\"aligncenter size-full wp-image-1060\" src=\"https:\/\/aorh.ch\/wp-content\/uploads\/2016\/11\/jk1601.jpg\" alt=\"jk1601\" width=\"1600\" height=\"1067\" srcset=\"https:\/\/aorh.ch\/wp-content\/uploads\/2016\/11\/jk1601.jpg 1600w, https:\/\/aorh.ch\/wp-content\/uploads\/2016\/11\/jk1601-300x200.jpg 300w, https:\/\/aorh.ch\/wp-content\/uploads\/2016\/11\/jk1601-768x512.jpg 768w, https:\/\/aorh.ch\/wp-content\/uploads\/2016\/11\/jk1601-1024x683.jpg 1024w, https:\/\/aorh.ch\/wp-content\/uploads\/2016\/11\/jk1601-1200x800.jpg 1200w\" sizes=\"auto, (max-width: 1600px) 100vw, 1600px\" \/><\/a> <a href=\"https:\/\/aorh.ch\/wp-content\/uploads\/2016\/11\/jk1602.jpg\"><img loading=\"lazy\" decoding=\"async\" class=\"aligncenter size-full wp-image-1061\" src=\"https:\/\/aorh.ch\/wp-content\/uploads\/2016\/11\/jk1602.jpg\" alt=\"jk1602\" width=\"1800\" height=\"1200\" srcset=\"https:\/\/aorh.ch\/wp-content\/uploads\/2016\/11\/jk1602.jpg 1800w, https:\/\/aorh.ch\/wp-content\/uploads\/2016\/11\/jk1602-300x200.jpg 300w, https:\/\/aorh.ch\/wp-content\/uploads\/2016\/11\/jk1602-768x512.jpg 768w, https:\/\/aorh.ch\/wp-content\/uploads\/2016\/11\/jk1602-1024x683.jpg 1024w, https:\/\/aorh.ch\/wp-content\/uploads\/2016\/11\/jk1602-1200x800.jpg 1200w\" sizes=\"auto, (max-width: 1800px) 100vw, 1800px\" \/><\/a> <a href=\"https:\/\/aorh.ch\/wp-content\/uploads\/2016\/11\/jk1603.jpg\"><img loading=\"lazy\" decoding=\"async\" class=\"aligncenter size-full wp-image-1062\" src=\"https:\/\/aorh.ch\/wp-content\/uploads\/2016\/11\/jk1603.jpg\" alt=\"jk1603\" width=\"1800\" height=\"1200\" srcset=\"https:\/\/aorh.ch\/wp-content\/uploads\/2016\/11\/jk1603.jpg 1800w, https:\/\/aorh.ch\/wp-content\/uploads\/2016\/11\/jk1603-300x200.jpg 300w, https:\/\/aorh.ch\/wp-content\/uploads\/2016\/11\/jk1603-768x512.jpg 768w, https:\/\/aorh.ch\/wp-content\/uploads\/2016\/11\/jk1603-1024x683.jpg 1024w, https:\/\/aorh.ch\/wp-content\/uploads\/2016\/11\/jk1603-1200x800.jpg 1200w\" sizes=\"auto, (max-width: 1800px) 100vw, 1800px\" \/><\/a> <a href=\"https:\/\/aorh.ch\/wp-content\/uploads\/2016\/11\/jk1604.jpg\"><img loading=\"lazy\" decoding=\"async\" class=\"aligncenter size-full wp-image-1063\" src=\"https:\/\/aorh.ch\/wp-content\/uploads\/2016\/11\/jk1604.jpg\" alt=\"jk1604\" width=\"1800\" height=\"1200\" srcset=\"https:\/\/aorh.ch\/wp-content\/uploads\/2016\/11\/jk1604.jpg 1800w, https:\/\/aorh.ch\/wp-content\/uploads\/2016\/11\/jk1604-300x200.jpg 300w, https:\/\/aorh.ch\/wp-content\/uploads\/2016\/11\/jk1604-768x512.jpg 768w, https:\/\/aorh.ch\/wp-content\/uploads\/2016\/11\/jk1604-1024x683.jpg 1024w, https:\/\/aorh.ch\/wp-content\/uploads\/2016\/11\/jk1604-1200x800.jpg 1200w\" sizes=\"auto, (max-width: 1800px) 100vw, 1800px\" \/><\/a> <a href=\"https:\/\/aorh.ch\/wp-content\/uploads\/2016\/11\/jk1605.jpg\"><img loading=\"lazy\" decoding=\"async\" class=\"aligncenter size-full wp-image-1064\" src=\"https:\/\/aorh.ch\/wp-content\/uploads\/2016\/11\/jk1605.jpg\" alt=\"jk1605\" width=\"1800\" height=\"1200\" srcset=\"https:\/\/aorh.ch\/wp-content\/uploads\/2016\/11\/jk1605.jpg 1800w, https:\/\/aorh.ch\/wp-content\/uploads\/2016\/11\/jk1605-300x200.jpg 300w, https:\/\/aorh.ch\/wp-content\/uploads\/2016\/11\/jk1605-768x512.jpg 768w, https:\/\/aorh.ch\/wp-content\/uploads\/2016\/11\/jk1605-1024x683.jpg 1024w, https:\/\/aorh.ch\/wp-content\/uploads\/2016\/11\/jk1605-1200x800.jpg 1200w\" sizes=\"auto, (max-width: 1800px) 100vw, 1800px\" \/><\/a> <a href=\"https:\/\/aorh.ch\/wp-content\/uploads\/2016\/11\/jk1606.jpg\"><img loading=\"lazy\" decoding=\"async\" class=\"aligncenter size-full wp-image-1065\" src=\"https:\/\/aorh.ch\/wp-content\/uploads\/2016\/11\/jk1606.jpg\" alt=\"jk1606\" width=\"1800\" height=\"1200\" srcset=\"https:\/\/aorh.ch\/wp-content\/uploads\/2016\/11\/jk1606.jpg 1800w, https:\/\/aorh.ch\/wp-content\/uploads\/2016\/11\/jk1606-300x200.jpg 300w, https:\/\/aorh.ch\/wp-content\/uploads\/2016\/11\/jk1606-768x512.jpg 768w, https:\/\/aorh.ch\/wp-content\/uploads\/2016\/11\/jk1606-1024x683.jpg 1024w, https:\/\/aorh.ch\/wp-content\/uploads\/2016\/11\/jk1606-1200x800.jpg 1200w\" sizes=\"auto, (max-width: 1800px) 100vw, 1800px\" \/><\/a><\/p>\n","protected":false},"excerpt":{"rendered":"<p>Rorschacherecho.ch vom 28.11.2016 Ein Saal voll moderner und urchiger Musik Das Szenario ist eigentlich schon lange bekannt: das Akkordeonorchester Rorschach l\u00e4dt zum Jahresprogramm und im\u00a0Stadthofsaal wird es sehr eng. So auch gestern, als die einheimischen Meister des Akkordeons zum insgesamt 33. Jahreskonzert gebeten haben. Mit dabei auch die Schwyzer\u00f6rgelifr\u00fcnde Rorschach und weitere junge Musiker. Nicht&hellip; <a class=\"more-link\" href=\"https:\/\/aorh.ch\/?page_id=1057\"><span class=\"screen-reader-text\">R\u00fcckblick Jahreskonzert 2016<\/span> weiterlesen<\/a><\/p>\n","protected":false},"author":1,"featured_media":0,"parent":122,"menu_order":0,"comment_status":"closed","ping_status":"closed","template":"","meta":{"footnotes":""},"class_list":["post-1057","page","type-page","status-publish","hentry","entry"],"_links":{"self":[{"href":"https:\/\/aorh.ch\/index.php?rest_route=\/wp\/v2\/pages\/1057","targetHints":{"allow":["GET"]}}],"collection":[{"href":"https:\/\/aorh.ch\/index.php?rest_route=\/wp\/v2\/pages"}],"about":[{"href":"https:\/\/aorh.ch\/index.php?rest_route=\/wp\/v2\/types\/page"}],"author":[{"embeddable":true,"href":"https:\/\/aorh.ch\/index.php?rest_route=\/wp\/v2\/users\/1"}],"replies":[{"embeddable":true,"href":"https:\/\/aorh.ch\/index.php?rest_route=%2Fwp%2Fv2%2Fcomments&post=1057"}],"version-history":[{"count":2,"href":"https:\/\/aorh.ch\/index.php?rest_route=\/wp\/v2\/pages\/1057\/revisions"}],"predecessor-version":[{"id":1066,"href":"https:\/\/aorh.ch\/index.php?rest_route=\/wp\/v2\/pages\/1057\/revisions\/1066"}],"up":[{"embeddable":true,"href":"https:\/\/aorh.ch\/index.php?rest_route=\/wp\/v2\/pages\/122"}],"wp:attachment":[{"href":"https:\/\/aorh.ch\/index.php?rest_route=%2Fwp%2Fv2%2Fmedia&parent=1057"}],"curies":[{"name":"wp","href":"https:\/\/api.w.org\/{rel}","templated":true}]}}