{"id":1089,"date":"2017-12-01T21:09:07","date_gmt":"2017-12-01T20:09:07","guid":{"rendered":"http:\/\/aor.bplaced.net\/wp\/?page_id=1089"},"modified":"2017-12-01T21:23:12","modified_gmt":"2017-12-01T20:23:12","slug":"rueckblick-jahreskonzert-2017","status":"publish","type":"page","link":"https:\/\/aorh.ch\/?page_id=1089","title":{"rendered":"R\u00fcckblick Jahreskonzert 2017"},"content":{"rendered":"<p>Akkordeonmusik und mehr<\/p>\n<p>Am vergangenen Wochenende hat das Akkordeon-Orchester Rorschach im Stadthofsaal das mittlerweile 34. Jahreskonzert ausgerichtet.<br \/>\nMit einem sehr abwechslungsreichen Programm haben die Rorschacher bewiesen, welche Stilrichtungen mit dem Akkordeon alle m\u00f6glich sind. Vom zackigen Marsch, \u00fcber melodi\u00f6se T\u00f6ne bis zu ganz feierlichen Kl\u00e4ngen war alles dabei.<br \/>\nNeben einem klassischen Alphorn, gespielt von Rahel Nett, erf\u00fcllten Ohrw\u00fcrmer wie zum Beispiel ein Medley von Udo J\u00fcrgens den Saal.<br \/>\nEine musikalische Abwechslung brachte als Gast der St.Galler Chor &#8222;stimmmix&#8220; in das Programm. Die rund 40 Mitglieder vollbrachten erstaunliche Effekte allein mit dem Instrument Stimme.<br \/>\nMit der neuen musikalischen F\u00fchrung von Elfi K\u00fcnzle hat das Orchester eine w\u00fcrdige Nachfolgerin gefunden. Ruedi Wachter hat nach \u00fcber 30 Jahren den Dirigentenstab an sie weitergereicht.<br \/>\nDas Orchester hat auf seine ganz eigene Weise den Wechsel kommentiert und sich bei Heidi und Ruedi Wachter nochmals herzlich bedankt. (DE)<\/p>\n<p><a href=\"https:\/\/aorh.ch\/wp-content\/uploads\/2017\/12\/jk1701.jpg\"><img loading=\"lazy\" decoding=\"async\" class=\"aligncenter size-full wp-image-1093\" src=\"https:\/\/aorh.ch\/wp-content\/uploads\/2017\/12\/jk1701.jpg\" alt=\"\" width=\"2433\" height=\"1615\" srcset=\"https:\/\/aorh.ch\/wp-content\/uploads\/2017\/12\/jk1701.jpg 2433w, https:\/\/aorh.ch\/wp-content\/uploads\/2017\/12\/jk1701-300x199.jpg 300w, https:\/\/aorh.ch\/wp-content\/uploads\/2017\/12\/jk1701-768x510.jpg 768w, https:\/\/aorh.ch\/wp-content\/uploads\/2017\/12\/jk1701-1024x680.jpg 1024w, https:\/\/aorh.ch\/wp-content\/uploads\/2017\/12\/jk1701-1200x797.jpg 1200w\" sizes=\"auto, (max-width: 2433px) 100vw, 2433px\" \/><\/a><br \/>\n<a href=\"https:\/\/aorh.ch\/wp-content\/uploads\/2017\/12\/jk1702.jpg\"><img loading=\"lazy\" decoding=\"async\" class=\"aligncenter size-full wp-image-1094\" src=\"https:\/\/aorh.ch\/wp-content\/uploads\/2017\/12\/jk1702.jpg\" alt=\"\" width=\"2179\" height=\"1088\" srcset=\"https:\/\/aorh.ch\/wp-content\/uploads\/2017\/12\/jk1702.jpg 2179w, https:\/\/aorh.ch\/wp-content\/uploads\/2017\/12\/jk1702-300x150.jpg 300w, https:\/\/aorh.ch\/wp-content\/uploads\/2017\/12\/jk1702-768x383.jpg 768w, https:\/\/aorh.ch\/wp-content\/uploads\/2017\/12\/jk1702-1024x511.jpg 1024w, https:\/\/aorh.ch\/wp-content\/uploads\/2017\/12\/jk1702-1200x599.jpg 1200w\" sizes=\"auto, (max-width: 2179px) 100vw, 2179px\" \/><\/a><br \/>\n<a href=\"https:\/\/aorh.ch\/wp-content\/uploads\/2017\/12\/jk1703.jpg\"><img loading=\"lazy\" decoding=\"async\" class=\"aligncenter size-full wp-image-1095\" src=\"https:\/\/aorh.ch\/wp-content\/uploads\/2017\/12\/jk1703.jpg\" alt=\"\" width=\"2436\" height=\"1555\" srcset=\"https:\/\/aorh.ch\/wp-content\/uploads\/2017\/12\/jk1703.jpg 2436w, https:\/\/aorh.ch\/wp-content\/uploads\/2017\/12\/jk1703-300x192.jpg 300w, https:\/\/aorh.ch\/wp-content\/uploads\/2017\/12\/jk1703-768x490.jpg 768w, https:\/\/aorh.ch\/wp-content\/uploads\/2017\/12\/jk1703-1024x654.jpg 1024w, https:\/\/aorh.ch\/wp-content\/uploads\/2017\/12\/jk1703-1200x766.jpg 1200w\" sizes=\"auto, (max-width: 2436px) 100vw, 2436px\" \/><\/a><\/p>\n","protected":false},"excerpt":{"rendered":"<p>Akkordeonmusik und mehr Am vergangenen Wochenende hat das Akkordeon-Orchester Rorschach im Stadthofsaal das mittlerweile 34. Jahreskonzert ausgerichtet. Mit einem sehr abwechslungsreichen Programm haben die Rorschacher bewiesen, welche Stilrichtungen mit dem Akkordeon alle m\u00f6glich sind. Vom zackigen Marsch, \u00fcber melodi\u00f6se T\u00f6ne bis zu ganz feierlichen Kl\u00e4ngen war alles dabei. Neben einem klassischen Alphorn, gespielt von Rahel&hellip; <a class=\"more-link\" href=\"https:\/\/aorh.ch\/?page_id=1089\"><span class=\"screen-reader-text\">R\u00fcckblick Jahreskonzert 2017<\/span> weiterlesen<\/a><\/p>\n","protected":false},"author":1,"featured_media":0,"parent":0,"menu_order":0,"comment_status":"closed","ping_status":"closed","template":"","meta":{"footnotes":""},"class_list":["post-1089","page","type-page","status-publish","hentry","entry"],"_links":{"self":[{"href":"https:\/\/aorh.ch\/index.php?rest_route=\/wp\/v2\/pages\/1089","targetHints":{"allow":["GET"]}}],"collection":[{"href":"https:\/\/aorh.ch\/index.php?rest_route=\/wp\/v2\/pages"}],"about":[{"href":"https:\/\/aorh.ch\/index.php?rest_route=\/wp\/v2\/types\/page"}],"author":[{"embeddable":true,"href":"https:\/\/aorh.ch\/index.php?rest_route=\/wp\/v2\/users\/1"}],"replies":[{"embeddable":true,"href":"https:\/\/aorh.ch\/index.php?rest_route=%2Fwp%2Fv2%2Fcomments&post=1089"}],"version-history":[{"count":5,"href":"https:\/\/aorh.ch\/index.php?rest_route=\/wp\/v2\/pages\/1089\/revisions"}],"predecessor-version":[{"id":1099,"href":"https:\/\/aorh.ch\/index.php?rest_route=\/wp\/v2\/pages\/1089\/revisions\/1099"}],"wp:attachment":[{"href":"https:\/\/aorh.ch\/index.php?rest_route=%2Fwp%2Fv2%2Fmedia&parent=1089"}],"curies":[{"name":"wp","href":"https:\/\/api.w.org\/{rel}","templated":true}]}}