{"id":1195,"date":"2019-11-25T17:57:32","date_gmt":"2019-11-25T16:57:32","guid":{"rendered":"http:\/\/aor.bplaced.net\/wp\/?page_id=1195"},"modified":"2019-11-25T17:57:32","modified_gmt":"2019-11-25T16:57:32","slug":"rueckblick-jahreskonzert-2019","status":"publish","type":"page","link":"https:\/\/aorh.ch\/?page_id=1195","title":{"rendered":"R\u00fcckblick Jahreskonzert 2019"},"content":{"rendered":"\n<p>Rorschacherecho.ch<br>26. November 2019<\/p>\n\n\n\n<p>Hier einige Bilder vom 36. Jahreskonzert des Akkordeon-Orchesters Rorschach, welches gestern Nachmittag unter der Leitung von Elfi K\u00fcnzle im gut gef\u00fcllten Stadthofsaal \u00fcber die B\u00fchne ging.<br> Als Gastformation spielte die regionale Kinder-Schwyzer\u00f6rgeligruppe auf.<\/p>\n\n\n\n<figure class=\"wp-block-image\"><img loading=\"lazy\" decoding=\"async\" width=\"1024\" height=\"683\" src=\"https:\/\/aorh.ch\/wp-content\/uploads\/2019\/11\/jk2001-1024x683.jpg\" alt=\"\" class=\"wp-image-1206\" srcset=\"https:\/\/aorh.ch\/wp-content\/uploads\/2019\/11\/jk2001-1024x683.jpg 1024w, https:\/\/aorh.ch\/wp-content\/uploads\/2019\/11\/jk2001-300x200.jpg 300w, https:\/\/aorh.ch\/wp-content\/uploads\/2019\/11\/jk2001-768x512.jpg 768w, https:\/\/aorh.ch\/wp-content\/uploads\/2019\/11\/jk2001-1200x800.jpg 1200w, https:\/\/aorh.ch\/wp-content\/uploads\/2019\/11\/jk2001.jpg 1800w\" sizes=\"auto, (max-width: 1024px) 100vw, 1024px\" \/><\/figure>\n\n\n\n<figure class=\"wp-block-image\"><img loading=\"lazy\" decoding=\"async\" width=\"1024\" height=\"683\" src=\"https:\/\/aorh.ch\/wp-content\/uploads\/2019\/11\/jk2002-1024x683.jpg\" alt=\"\" class=\"wp-image-1205\" srcset=\"https:\/\/aorh.ch\/wp-content\/uploads\/2019\/11\/jk2002-1024x683.jpg 1024w, https:\/\/aorh.ch\/wp-content\/uploads\/2019\/11\/jk2002-300x200.jpg 300w, https:\/\/aorh.ch\/wp-content\/uploads\/2019\/11\/jk2002-768x512.jpg 768w, https:\/\/aorh.ch\/wp-content\/uploads\/2019\/11\/jk2002-1200x800.jpg 1200w, https:\/\/aorh.ch\/wp-content\/uploads\/2019\/11\/jk2002.jpg 1800w\" sizes=\"auto, (max-width: 1024px) 100vw, 1024px\" \/><\/figure>\n\n\n\n<figure class=\"wp-block-image\"><img loading=\"lazy\" decoding=\"async\" width=\"1024\" height=\"683\" src=\"https:\/\/aorh.ch\/wp-content\/uploads\/2019\/11\/jk2003-1024x683.jpg\" alt=\"\" class=\"wp-image-1207\" srcset=\"https:\/\/aorh.ch\/wp-content\/uploads\/2019\/11\/jk2003-1024x683.jpg 1024w, https:\/\/aorh.ch\/wp-content\/uploads\/2019\/11\/jk2003-300x200.jpg 300w, https:\/\/aorh.ch\/wp-content\/uploads\/2019\/11\/jk2003-768x512.jpg 768w, https:\/\/aorh.ch\/wp-content\/uploads\/2019\/11\/jk2003-1200x800.jpg 1200w, https:\/\/aorh.ch\/wp-content\/uploads\/2019\/11\/jk2003.jpg 1600w\" sizes=\"auto, (max-width: 1024px) 100vw, 1024px\" \/><\/figure>\n\n\n\n<figure class=\"wp-block-image\"><img loading=\"lazy\" decoding=\"async\" width=\"1024\" height=\"683\" src=\"https:\/\/aorh.ch\/wp-content\/uploads\/2019\/11\/jk2004-1024x683.jpg\" alt=\"\" class=\"wp-image-1204\" srcset=\"https:\/\/aorh.ch\/wp-content\/uploads\/2019\/11\/jk2004-1024x683.jpg 1024w, https:\/\/aorh.ch\/wp-content\/uploads\/2019\/11\/jk2004-300x200.jpg 300w, https:\/\/aorh.ch\/wp-content\/uploads\/2019\/11\/jk2004-768x512.jpg 768w, https:\/\/aorh.ch\/wp-content\/uploads\/2019\/11\/jk2004-1200x800.jpg 1200w, https:\/\/aorh.ch\/wp-content\/uploads\/2019\/11\/jk2004.jpg 1800w\" sizes=\"auto, (max-width: 1024px) 100vw, 1024px\" \/><\/figure>\n\n\n\n<figure class=\"wp-block-image\"><img loading=\"lazy\" decoding=\"async\" width=\"1024\" height=\"683\" src=\"https:\/\/aorh.ch\/wp-content\/uploads\/2019\/11\/jk2005-1024x683.jpg\" alt=\"\" class=\"wp-image-1203\" srcset=\"https:\/\/aorh.ch\/wp-content\/uploads\/2019\/11\/jk2005-1024x683.jpg 1024w, https:\/\/aorh.ch\/wp-content\/uploads\/2019\/11\/jk2005-300x200.jpg 300w, https:\/\/aorh.ch\/wp-content\/uploads\/2019\/11\/jk2005-768x512.jpg 768w, https:\/\/aorh.ch\/wp-content\/uploads\/2019\/11\/jk2005-1200x800.jpg 1200w, https:\/\/aorh.ch\/wp-content\/uploads\/2019\/11\/jk2005.jpg 1800w\" sizes=\"auto, (max-width: 1024px) 100vw, 1024px\" \/><\/figure>\n\n\n\n<figure class=\"wp-block-image\"><img loading=\"lazy\" decoding=\"async\" width=\"1024\" height=\"683\" src=\"https:\/\/aorh.ch\/wp-content\/uploads\/2019\/11\/jk2006-1024x683.jpg\" alt=\"\" class=\"wp-image-1202\" srcset=\"https:\/\/aorh.ch\/wp-content\/uploads\/2019\/11\/jk2006-1024x683.jpg 1024w, https:\/\/aorh.ch\/wp-content\/uploads\/2019\/11\/jk2006-300x200.jpg 300w, https:\/\/aorh.ch\/wp-content\/uploads\/2019\/11\/jk2006-768x512.jpg 768w, https:\/\/aorh.ch\/wp-content\/uploads\/2019\/11\/jk2006-1200x800.jpg 1200w, https:\/\/aorh.ch\/wp-content\/uploads\/2019\/11\/jk2006.jpg 1800w\" sizes=\"auto, (max-width: 1024px) 100vw, 1024px\" \/><\/figure>\n\n\n\n<figure class=\"wp-block-image\"><img loading=\"lazy\" decoding=\"async\" width=\"1024\" height=\"683\" src=\"https:\/\/aorh.ch\/wp-content\/uploads\/2019\/11\/jk2007-1024x683.jpg\" alt=\"\" class=\"wp-image-1201\" srcset=\"https:\/\/aorh.ch\/wp-content\/uploads\/2019\/11\/jk2007-1024x683.jpg 1024w, https:\/\/aorh.ch\/wp-content\/uploads\/2019\/11\/jk2007-300x200.jpg 300w, https:\/\/aorh.ch\/wp-content\/uploads\/2019\/11\/jk2007-768x512.jpg 768w, https:\/\/aorh.ch\/wp-content\/uploads\/2019\/11\/jk2007-1200x800.jpg 1200w, https:\/\/aorh.ch\/wp-content\/uploads\/2019\/11\/jk2007.jpg 1800w\" sizes=\"auto, (max-width: 1024px) 100vw, 1024px\" \/><\/figure>\n\n\n\n<figure class=\"wp-block-image\"><img loading=\"lazy\" decoding=\"async\" width=\"1024\" height=\"683\" src=\"https:\/\/aorh.ch\/wp-content\/uploads\/2019\/11\/jk2008-1024x683.jpg\" alt=\"\" class=\"wp-image-1200\" srcset=\"https:\/\/aorh.ch\/wp-content\/uploads\/2019\/11\/jk2008-1024x683.jpg 1024w, https:\/\/aorh.ch\/wp-content\/uploads\/2019\/11\/jk2008-300x200.jpg 300w, https:\/\/aorh.ch\/wp-content\/uploads\/2019\/11\/jk2008-768x512.jpg 768w, https:\/\/aorh.ch\/wp-content\/uploads\/2019\/11\/jk2008-1200x800.jpg 1200w, https:\/\/aorh.ch\/wp-content\/uploads\/2019\/11\/jk2008.jpg 1800w\" sizes=\"auto, (max-width: 1024px) 100vw, 1024px\" \/><\/figure>\n\n\n\n<figure class=\"wp-block-image\"><img loading=\"lazy\" decoding=\"async\" width=\"1024\" height=\"683\" src=\"https:\/\/aorh.ch\/wp-content\/uploads\/2019\/11\/jk2009-1024x683.jpg\" alt=\"\" class=\"wp-image-1199\" srcset=\"https:\/\/aorh.ch\/wp-content\/uploads\/2019\/11\/jk2009-1024x683.jpg 1024w, https:\/\/aorh.ch\/wp-content\/uploads\/2019\/11\/jk2009-300x200.jpg 300w, https:\/\/aorh.ch\/wp-content\/uploads\/2019\/11\/jk2009-768x512.jpg 768w, https:\/\/aorh.ch\/wp-content\/uploads\/2019\/11\/jk2009-1200x800.jpg 1200w, https:\/\/aorh.ch\/wp-content\/uploads\/2019\/11\/jk2009.jpg 1800w\" sizes=\"auto, (max-width: 1024px) 100vw, 1024px\" \/><\/figure>\n\n\n\n<figure class=\"wp-block-image\"><img loading=\"lazy\" decoding=\"async\" width=\"1024\" height=\"683\" src=\"https:\/\/aorh.ch\/wp-content\/uploads\/2019\/11\/jk2010-1024x683.jpg\" alt=\"\" class=\"wp-image-1198\" srcset=\"https:\/\/aorh.ch\/wp-content\/uploads\/2019\/11\/jk2010-1024x683.jpg 1024w, https:\/\/aorh.ch\/wp-content\/uploads\/2019\/11\/jk2010-300x200.jpg 300w, https:\/\/aorh.ch\/wp-content\/uploads\/2019\/11\/jk2010-768x512.jpg 768w, https:\/\/aorh.ch\/wp-content\/uploads\/2019\/11\/jk2010-1200x800.jpg 1200w, https:\/\/aorh.ch\/wp-content\/uploads\/2019\/11\/jk2010.jpg 1800w\" sizes=\"auto, (max-width: 1024px) 100vw, 1024px\" \/><\/figure>\n\n\n\n<figure class=\"wp-block-image\"><img loading=\"lazy\" decoding=\"async\" width=\"1024\" height=\"683\" src=\"https:\/\/aorh.ch\/wp-content\/uploads\/2019\/11\/jk2011-1024x683.jpg\" alt=\"\" class=\"wp-image-1197\" srcset=\"https:\/\/aorh.ch\/wp-content\/uploads\/2019\/11\/jk2011-1024x683.jpg 1024w, https:\/\/aorh.ch\/wp-content\/uploads\/2019\/11\/jk2011-300x200.jpg 300w, https:\/\/aorh.ch\/wp-content\/uploads\/2019\/11\/jk2011-768x512.jpg 768w, https:\/\/aorh.ch\/wp-content\/uploads\/2019\/11\/jk2011-1200x800.jpg 1200w, https:\/\/aorh.ch\/wp-content\/uploads\/2019\/11\/jk2011.jpg 1800w\" sizes=\"auto, (max-width: 1024px) 100vw, 1024px\" \/><\/figure>\n","protected":false},"excerpt":{"rendered":"<p>Rorschacherecho.ch26. November 2019 Hier einige Bilder vom 36. Jahreskonzert des Akkordeon-Orchesters Rorschach, welches gestern Nachmittag unter der Leitung von Elfi K\u00fcnzle im gut gef\u00fcllten Stadthofsaal \u00fcber die B\u00fchne ging. Als Gastformation spielte die regionale Kinder-Schwyzer\u00f6rgeligruppe auf.<\/p>\n","protected":false},"author":1,"featured_media":0,"parent":0,"menu_order":0,"comment_status":"closed","ping_status":"closed","template":"","meta":{"footnotes":""},"class_list":["post-1195","page","type-page","status-publish","hentry","entry"],"_links":{"self":[{"href":"https:\/\/aorh.ch\/index.php?rest_route=\/wp\/v2\/pages\/1195","targetHints":{"allow":["GET"]}}],"collection":[{"href":"https:\/\/aorh.ch\/index.php?rest_route=\/wp\/v2\/pages"}],"about":[{"href":"https:\/\/aorh.ch\/index.php?rest_route=\/wp\/v2\/types\/page"}],"author":[{"embeddable":true,"href":"https:\/\/aorh.ch\/index.php?rest_route=\/wp\/v2\/users\/1"}],"replies":[{"embeddable":true,"href":"https:\/\/aorh.ch\/index.php?rest_route=%2Fwp%2Fv2%2Fcomments&post=1195"}],"version-history":[{"count":2,"href":"https:\/\/aorh.ch\/index.php?rest_route=\/wp\/v2\/pages\/1195\/revisions"}],"predecessor-version":[{"id":1209,"href":"https:\/\/aorh.ch\/index.php?rest_route=\/wp\/v2\/pages\/1195\/revisions\/1209"}],"wp:attachment":[{"href":"https:\/\/aorh.ch\/index.php?rest_route=%2Fwp%2Fv2%2Fmedia&parent=1195"}],"curies":[{"name":"wp","href":"https:\/\/api.w.org\/{rel}","templated":true}]}}