{"id":1432,"date":"2024-03-08T21:22:25","date_gmt":"2024-03-08T20:22:25","guid":{"rendered":"https:\/\/aorh.ch\/?page_id=1432"},"modified":"2024-08-26T15:50:22","modified_gmt":"2024-08-26T13:50:22","slug":"willkommen","status":"publish","type":"page","link":"https:\/\/aorh.ch\/?page_id=1432","title":{"rendered":"Willkommen"},"content":{"rendered":"\n<p>beim Akkordeon Orchester Rorschach-Heiden<\/p>\n\n\n\n<figure class=\"wp-block-image size-large\"><img decoding=\"async\" src=\"https:\/\/aorh.ch\/wp-content\/uploads\/2021\/10\/AORH_Logo.svg\" alt=\"\"\/><\/figure>\n\n\n\n<p>Unser n\u00e4chster Event<\/p>\n\n\n<div id=\"vsel\" class=\"vsel-shortcode vsel-shortcode-upcoming-events\"><div id=\"event-1552\" class=\"vsel-content vsel-upcoming vsel-future\"><div class=\"vsel-meta vsel-alignleft\" style=\"width:36%;\"><h3 class=\"vsel-meta-title\">Regionales Akkordeon- Musikfest<\/h3><div class=\"vsel-meta-date vsel-meta-single-date\">Datum: <span>30. Mai 2026<\/span><\/div><div class=\"vsel-meta-time vsel-meta-all-day\">All-day event<\/div><div class=\"vsel-meta-location\">Ort: <span>Rorschach SG<\/span><\/div><div class=\"vsel-meta-link\"><a href=\"https:\/\/ramf26rorschach.ch\" rel=\"noopener noreferrer\" rel=\"noreferrer\" target=\"_self\" title=\"https:\/\/ramf26rorschach.ch\">Weitere Informationen<\/a><\/div><\/div><div class=\"vsel-info vsel-alignright\" style=\"width:60%;\"><div class=\"vsel-text\">\n<figure class=\"wp-block-image size-large\"><a href=\"https:\/\/aorh.ch\/wp-content\/uploads\/2025\/07\/Logo-RAMF26Rorschach.jpg\"><img loading=\"lazy\" decoding=\"async\" width=\"1024\" height=\"1024\" src=\"https:\/\/aorh.ch\/wp-content\/uploads\/2025\/07\/Logo-RAMF26Rorschach-1024x1024.jpg\" alt=\"\" class=\"wp-image-1575\" srcset=\"https:\/\/aorh.ch\/wp-content\/uploads\/2025\/07\/Logo-RAMF26Rorschach-1024x1024.jpg 1024w, https:\/\/aorh.ch\/wp-content\/uploads\/2025\/07\/Logo-RAMF26Rorschach-300x300.jpg 300w, https:\/\/aorh.ch\/wp-content\/uploads\/2025\/07\/Logo-RAMF26Rorschach-150x150.jpg 150w, https:\/\/aorh.ch\/wp-content\/uploads\/2025\/07\/Logo-RAMF26Rorschach-768x768.jpg 768w, https:\/\/aorh.ch\/wp-content\/uploads\/2025\/07\/Logo-RAMF26Rorschach-1536x1536.jpg 1536w, https:\/\/aorh.ch\/wp-content\/uploads\/2025\/07\/Logo-RAMF26Rorschach-1568x1567.jpg 1568w, https:\/\/aorh.ch\/wp-content\/uploads\/2025\/07\/Logo-RAMF26Rorschach.jpg 1600w\" sizes=\"auto, (max-width: 1024px) 100vw, 1024px\" \/><\/a><\/figure>\n<\/div><\/div><\/div><div class=\"vsel-nav\"><\/div><\/div>\n\n\n\n<p>Tragen Sie sich bitte im Newsletter ein.<br>Wir beschr\u00e4nken uns auf wichtige Konzerte und interessante Informationen.<\/p>\n\n\n\n<p><a href=\"https:\/\/aorh.ch\/?page_id=1500\"><mark style=\"background-color:#EEEADD\" class=\"has-inline-color has-black-color\">Im AORH Newsletter eintragen<\/mark><\/a><\/p>\n\n\n\n<p>Wir danken unseren Passivmitgliedern und G\u00f6nnern f\u00fcrs Eintragen im Newsletter. Das spart unserem Verein Kosten f\u00fcr den Briefversand. Besten Dank.<\/p>\n","protected":false},"excerpt":{"rendered":"<p>beim Akkordeon Orchester Rorschach-Heiden Unser n\u00e4chster Event Tragen Sie sich bitte im Newsletter ein.Wir beschr\u00e4nken uns auf wichtige Konzerte und interessante Informationen. Im AORH Newsletter eintragen Wir danken unseren Passivmitgliedern und G\u00f6nnern f\u00fcrs Eintragen im Newsletter. Das spart unserem Verein Kosten f\u00fcr den Briefversand. Besten Dank.<\/p>\n","protected":false},"author":1,"featured_media":0,"parent":0,"menu_order":0,"comment_status":"closed","ping_status":"closed","template":"","meta":{"footnotes":""},"class_list":["post-1432","page","type-page","status-publish","hentry","entry"],"_links":{"self":[{"href":"https:\/\/aorh.ch\/index.php?rest_route=\/wp\/v2\/pages\/1432","targetHints":{"allow":["GET"]}}],"collection":[{"href":"https:\/\/aorh.ch\/index.php?rest_route=\/wp\/v2\/pages"}],"about":[{"href":"https:\/\/aorh.ch\/index.php?rest_route=\/wp\/v2\/types\/page"}],"author":[{"embeddable":true,"href":"https:\/\/aorh.ch\/index.php?rest_route=\/wp\/v2\/users\/1"}],"replies":[{"embeddable":true,"href":"https:\/\/aorh.ch\/index.php?rest_route=%2Fwp%2Fv2%2Fcomments&post=1432"}],"version-history":[{"count":11,"href":"https:\/\/aorh.ch\/index.php?rest_route=\/wp\/v2\/pages\/1432\/revisions"}],"predecessor-version":[{"id":1517,"href":"https:\/\/aorh.ch\/index.php?rest_route=\/wp\/v2\/pages\/1432\/revisions\/1517"}],"wp:attachment":[{"href":"https:\/\/aorh.ch\/index.php?rest_route=%2Fwp%2Fv2%2Fmedia&parent=1432"}],"curies":[{"name":"wp","href":"https:\/\/api.w.org\/{rel}","templated":true}]}}