{"id":1592,"date":"2025-11-11T17:44:03","date_gmt":"2025-11-11T16:44:03","guid":{"rendered":"https:\/\/aorh.ch\/?page_id=1592"},"modified":"2025-11-11T17:46:06","modified_gmt":"2025-11-11T16:46:06","slug":"rueckblick-jahreskonzert-2025-in-rorschach","status":"publish","type":"page","link":"https:\/\/aorh.ch\/?page_id=1592","title":{"rendered":"R\u00fcckblick Jahreskonzert 2025 in Rorschach"},"content":{"rendered":"\n<p>Melodien, die Generationen verbinden<\/p>\n\n\n\n<p><strong>Themen:<\/strong><a href=\"https:\/\/rorschacherecho.ch\/tag\/kultur\/\">Kultur<\/a><a href=\"https:\/\/rorschacherecho.ch\/tag\/rorschach\/\">Rorschach<\/a><\/p>\n\n\n\n<figure class=\"wp-block-image size-full\"><a href=\"https:\/\/aorh.ch\/wp-content\/uploads\/2025\/11\/JKR2025_1.png\"><img loading=\"lazy\" decoding=\"async\" width=\"907\" height=\"510\" src=\"https:\/\/aorh.ch\/wp-content\/uploads\/2025\/11\/JKR2025_1.png\" alt=\"\" class=\"wp-image-1593\" srcset=\"https:\/\/aorh.ch\/wp-content\/uploads\/2025\/11\/JKR2025_1.png 907w, https:\/\/aorh.ch\/wp-content\/uploads\/2025\/11\/JKR2025_1-300x169.png 300w, https:\/\/aorh.ch\/wp-content\/uploads\/2025\/11\/JKR2025_1-768x432.png 768w\" sizes=\"auto, (max-width: 907px) 100vw, 907px\" \/><\/a><\/figure>\n\n\n\n<p><a href=\"https:\/\/rorschacherecho.ch\/v2\/wp-content\/uploads\/2025\/11\/screenshot-2025-11-10-14-03-31-1600x899.png\"><\/a><\/p>\n\n\n\n<p>11. November 2025 &#8211; 05:00 rorschacherecho.ch<\/p>\n\n\n\n<p>Den G\u00e4sten im gut besuchten Stadthofsaal Rorschach wurde vergangenen Samstag eine abwechslungsreiche musikalische Reise geboten. Die schwungvollen Lieder des M\u00e4nnerchors sowie die virtuosen Konzertst\u00fccke des Akkordeonorchesters begeisterten das Publikum. Bei vertrauten Melodien, welche Erinnerungen und Emotionen weckten, sang das Publikum kr\u00e4ftig mit.<\/p>\n\n\n\n<p>Schon der Einmarsch mit Rhythmen und Gesang zeigte, dass alle Beteiligten mit Begeisterung dabei waren. Der M\u00e4nnerchor unter der Leitung von Mario Ploner entf\u00fchrte die Zuh\u00f6rer mit \u00abIsland in the Sun\u00bb in tropische Gefilde, gefolgt vom epischen Lied \u00abChariots of Fire\u00bb, welches das Akkordeonorchester Rorschach-Heiden unter der Leitung von Mihai Alexa gef\u00fchlvoll vortrug.<\/p>\n\n\n\n<p><strong>Eine Reise ins Gl\u00fcck<\/strong><br>F\u00fcr Lacher sorgten die zwei Moderatoren Martin Kn\u00f6pfel und Diana Diethelm, welche bei einem Wettbewerb eine Reise ins Gl\u00fcck gewonnen hatten, unter der Bedingung, an zahlreichen Verkaufsveranstaltungen kr\u00e4ftig einzukaufen. Als \u00abchifelndes\u00bb Ehepaar erlebten sie dabei H\u00f6hen und Tiefen unterwegs. Die \u00abkleine Kneipe\u00bb und das \u00abElton John in Concert\u00bb, mit Unterst\u00fctzung des talentierten Schlagzeugers Jonas Frischknecht, waren dem Publikum bekannt, und es wurde fr\u00f6hlich geschunkelt und geklatscht, bevor die Reise mit dem Lied \u00abDe Hamborger Veermaster\u00bb nach Norddeutschland f\u00fchrte, wo Peter Hirzel mit einer Soloeinlage gl\u00e4nzte.<\/p>\n\n\n\n<figure class=\"wp-block-image size-full\"><a href=\"https:\/\/aorh.ch\/wp-content\/uploads\/2025\/11\/JKR2025_2.png\"><img loading=\"lazy\" decoding=\"async\" width=\"907\" height=\"510\" src=\"https:\/\/aorh.ch\/wp-content\/uploads\/2025\/11\/JKR2025_2.png\" alt=\"\" class=\"wp-image-1594\" srcset=\"https:\/\/aorh.ch\/wp-content\/uploads\/2025\/11\/JKR2025_2.png 907w, https:\/\/aorh.ch\/wp-content\/uploads\/2025\/11\/JKR2025_2-300x169.png 300w, https:\/\/aorh.ch\/wp-content\/uploads\/2025\/11\/JKR2025_2-768x432.png 768w\" sizes=\"auto, (max-width: 907px) 100vw, 907px\" \/><\/a><\/figure>\n\n\n\n<p><a href=\"https:\/\/rorschacherecho.ch\/v2\/wp-content\/uploads\/2025\/11\/screenshot-2025-11-10-14-03-57.png\"><strong><\/strong><\/a><\/p>\n\n\n\n<p>Imposant waren die M\u00e4nnerstimmen bei Nabuccos Gefangenenchor, gefolgt vom krassen Stilwechsels des Akkordeonorchesters mit dem Swing-St\u00fcck \u00abJust a Gigolo\u00bb. \u00abWeit, weit, weg\u00bb wurde nur gesungen \u2013 zum Gl\u00fcck blieb das Publikum und genoss das kulinarische Angebot zur Pause.<\/p>\n\n\n\n<p><strong>Anspruchsvolle Literatur<\/strong><br>Der Chor er\u00f6ffnete mit dem Z\u00e4uerli \u00abWie bas isch mer\u00bb, bevor Bruno Scheiwiller das virtuose Akkordeonst\u00fcck \u00abCzardas\u00bb interpretierte, welches mit tosendem Applaus quittiert wurde. Die Reiseroute blieb noch im Balkan mit den anspruchsvollen Gesangsst\u00fccken Balkanfeuer und Tusnelda, welche von der Pianistin Yuka Kitano am Fl\u00fcgel begleitet wurden.<\/p>\n\n\n\n<p><strong>Musik verbindet Generationen<\/strong><br>Bei den vertrauten Melodien des \u00abUdo J\u00fcrgens Medley\u00bb, vom Akkordeonorchester gespielt, h\u00f6rte man das Publikum mitsingen, bevor es schon Zeit war, sich mit \u00abAde, ade\u00bb zu verabschieden. Musikalischer H\u00f6hepunkt bildete das gemeinsam vorgetragene Funiculi Funicola- bevor das Publikum sich die Zugabe \u00abAlls was bruchsch uf de Welt\u00bb einforderte und kr\u00e4ftig mitsang. (Text\/Bilder: pd tn)<\/p>\n","protected":false},"excerpt":{"rendered":"<p>Melodien, die Generationen verbinden Themen:KulturRorschach 11. November 2025 &#8211; 05:00 rorschacherecho.ch Den G\u00e4sten im gut besuchten Stadthofsaal Rorschach wurde vergangenen Samstag eine abwechslungsreiche musikalische Reise geboten. Die schwungvollen Lieder des M\u00e4nnerchors sowie die virtuosen Konzertst\u00fccke des Akkordeonorchesters begeisterten das Publikum. Bei vertrauten Melodien, welche Erinnerungen und Emotionen weckten, sang das Publikum kr\u00e4ftig mit. Schon der&hellip; <a class=\"more-link\" href=\"https:\/\/aorh.ch\/?page_id=1592\"><span class=\"screen-reader-text\">R\u00fcckblick Jahreskonzert 2025 in Rorschach<\/span> weiterlesen<\/a><\/p>\n","protected":false},"author":1,"featured_media":0,"parent":0,"menu_order":0,"comment_status":"closed","ping_status":"closed","template":"","meta":{"footnotes":""},"class_list":["post-1592","page","type-page","status-publish","hentry","entry"],"_links":{"self":[{"href":"https:\/\/aorh.ch\/index.php?rest_route=\/wp\/v2\/pages\/1592","targetHints":{"allow":["GET"]}}],"collection":[{"href":"https:\/\/aorh.ch\/index.php?rest_route=\/wp\/v2\/pages"}],"about":[{"href":"https:\/\/aorh.ch\/index.php?rest_route=\/wp\/v2\/types\/page"}],"author":[{"embeddable":true,"href":"https:\/\/aorh.ch\/index.php?rest_route=\/wp\/v2\/users\/1"}],"replies":[{"embeddable":true,"href":"https:\/\/aorh.ch\/index.php?rest_route=%2Fwp%2Fv2%2Fcomments&post=1592"}],"version-history":[{"count":2,"href":"https:\/\/aorh.ch\/index.php?rest_route=\/wp\/v2\/pages\/1592\/revisions"}],"predecessor-version":[{"id":1597,"href":"https:\/\/aorh.ch\/index.php?rest_route=\/wp\/v2\/pages\/1592\/revisions\/1597"}],"wp:attachment":[{"href":"https:\/\/aorh.ch\/index.php?rest_route=%2Fwp%2Fv2%2Fmedia&parent=1592"}],"curies":[{"name":"wp","href":"https:\/\/api.w.org\/{rel}","templated":true}]}}