{"id":769,"date":"2015-04-20T21:41:08","date_gmt":"2015-04-20T19:41:08","guid":{"rendered":"http:\/\/aor.bplaced.net\/wp\/?page_id=769"},"modified":"2015-04-22T22:54:20","modified_gmt":"2015-04-22T20:54:20","slug":"rueckblick-30-jahre-aor","status":"publish","type":"page","link":"https:\/\/aorh.ch\/?page_id=769","title":{"rendered":"R\u00fcckblick \u201c30 Jahre AOR\u201d"},"content":{"rendered":"<p>St.Galler Tagblatt Online, 25. November 2013, 02:36 Uhr<\/p>\n<p>Das Akkordeonorchester jubiliert<\/p>\n<p><a href=\"https:\/\/aorh.ch\/wp-content\/uploads\/2013\/11\/30jahre.png\"><img loading=\"lazy\" decoding=\"async\" class=\" size-full wp-image-172 alignleft\" src=\"https:\/\/aorh.ch\/wp-content\/uploads\/2013\/11\/30jahre.png\" alt=\"30jahre\" width=\"327\" height=\"337\" srcset=\"https:\/\/aorh.ch\/wp-content\/uploads\/2013\/11\/30jahre.png 327w, https:\/\/aorh.ch\/wp-content\/uploads\/2013\/11\/30jahre-291x300.png 291w\" sizes=\"auto, (max-width: 327px) 100vw, 327px\" \/><\/a><\/p>\n<p><a href=\"https:\/\/aorh.ch\/wp-content\/uploads\/2013\/11\/jk1301.jpg\"><img loading=\"lazy\" decoding=\"async\" class=\"aligncenter size-full wp-image-640\" src=\"https:\/\/aorh.ch\/wp-content\/uploads\/2013\/11\/jk1301.jpg\" alt=\"Akkordeon-Orchester Rorschach beim Jahreskonzert im Stadthof\" width=\"560\" height=\"361\" srcset=\"https:\/\/aorh.ch\/wp-content\/uploads\/2013\/11\/jk1301.jpg 560w, https:\/\/aorh.ch\/wp-content\/uploads\/2013\/11\/jk1301-300x193.jpg 300w\" sizes=\"auto, (max-width: 560px) 100vw, 560px\" \/><\/a><br \/>\nAkkordeon-Orchester Rorschach beim Jahreskonzert im Stadthof<br \/>\nDen kr\u00f6nenden Abschluss der Feierlichkeiten bildet das Jahreskonzert im Stadthofsaal. (Bild: Urs Bosshard)<\/p>\n<p>Zwei Abende und einen Nachmittag lang geh\u00f6rt der Stadthof den Musikanten. Dabei bewahrheitet sich ein Satz aus dem Grusswort von Stadtpr\u00e4sident Thomas M\u00fcller an den vor dreissig Jahren gegr\u00fcndeten Verein: \u00abMusik bereichert, begl\u00fcckt und ist Kultur.\u00bb<\/p>\n<p>PETER BEERLI<\/p>\n<p>RORSCHACH. Hunderte Musikfreunde beweisen am Wochenende, wie sehr das Akkordeonorchester zum Musikleben der Region und dar\u00fcber hinaus geh\u00f6rt. Vierzehnmal hat sich der Verein an Ostschweizer und Schweizer Wettk\u00e4mpfen \u00abVorz\u00fcglich\u00bb oder \u00abSehr gut\u00bb geholt. Jetzt gilt es f\u00fcr die Freunde des Orchesters zu feiern: Am Freitag und Samstag geschieht es im Rahmen eines Dinners, am Sonntagnachmittag mit dem Jahreskonzert. Das vom Organisationskomitee unter Leitung von Martin Kn\u00f6pfel initiierte, vom Akkordeonorchester und seinen G\u00e4sten realisierte Programm verdient ein uneingeschr\u00e4nktes \u00abVorz\u00fcglich\u00bb.<\/p>\n<p>Orchester begeistert<\/p>\n<p>Jene, die h\u00e4tten gefeiert werden m\u00fcssen, steuern einen riesigen Anteil zum Gelingen bei. Das Orchester begeistert mit Klassikern, Musicals, Filmmusik und fetzigen Weisen. Es tut es seit 1985 unter Ruedi Wachters gewandter F\u00fchrung, und Gattin Heidi ist auch dieses Mal \u00fcberall mit Akkordeon, Schwyzer\u00f6rgeli oder Bassgeige dabei. Dazu kommen S\u00e4nger aus den eigenen Reihen: Pr\u00e4sident Sergio Zulian und Vizepr\u00e4sident Stefan Grab. Leonie Fr\u00fch begleitet mit dem Mini\u00f6rgeli.<\/p>\n<p>Dinners mit Festmusik<\/p>\n<p>Ehrengast an den Jubil\u00e4ums-Dinners mit Suppe, Feinschmeckerteller, warmem Buffet und Dessert aus der Stadthof-K\u00fcche ist die Corale Santa C\u00e4cilia. Der Chor feiert im Gr\u00fcndungsjahr des Akkordeonorchesters eben sein 25-Jahr-Jubil\u00e4um, doch er zeigt unter Claudio Ambrosis Leitung noch immer die Offenheit und Leidenschaft s\u00fcdl\u00e4ndischer Lebensfreude. Die Gruppe accellbakla, ihrer musikalischen Entdeckungsreise durch eine aussergew\u00f6hnliche Klangwelt mit Schweizer Wurzeln wegen bekannt, wartet mit feiner Tafelmusik auf. Etwas zart vielleicht f\u00fcr einen Speisesaal voller geschw\u00e4tziger Leute. Der Name der Gruppe ist auf die in ihr vertretenen Instrumente Akkordeon, Cello, Klavier und Bass zur\u00fcckzuf\u00fchren, jener der Ansprechperson Jacqueline Schmidig-Wachter deutet auf die enge Verbundenheit zum Akkordeonorchester hin. Auch die Gruppe Soul meets heart, welche zum Verweilen an der Bar einl\u00e4dt, steht in engem Bezug zum feiernden Verein.<\/p>\n<p>Die Schwyzer\u00f6rgelifr\u00fcnde Rorschach und das Akkordeonensemble, beide aus der Musikschule Wachter hervorgegangen, bereichern mit urchigen und tr\u00e4umerischen Weisen beide Abende und sind auch am Jahreskonzert am Sonntag im Stadthofsaal schon wieder dabei.<\/p>\n","protected":false},"excerpt":{"rendered":"<p>St.Galler Tagblatt Online, 25. November 2013, 02:36 Uhr Das Akkordeonorchester jubiliert Akkordeon-Orchester Rorschach beim Jahreskonzert im Stadthof Den kr\u00f6nenden Abschluss der Feierlichkeiten bildet das Jahreskonzert im Stadthofsaal. (Bild: Urs Bosshard) Zwei Abende und einen Nachmittag lang geh\u00f6rt der Stadthof den Musikanten. Dabei bewahrheitet sich ein Satz aus dem Grusswort von Stadtpr\u00e4sident Thomas M\u00fcller an den&hellip; <a class=\"more-link\" href=\"https:\/\/aorh.ch\/?page_id=769\"><span class=\"screen-reader-text\">R\u00fcckblick \u201c30 Jahre AOR\u201d<\/span> weiterlesen<\/a><\/p>\n","protected":false},"author":1,"featured_media":0,"parent":122,"menu_order":3,"comment_status":"closed","ping_status":"closed","template":"","meta":{"footnotes":""},"class_list":["post-769","page","type-page","status-publish","hentry","entry"],"_links":{"self":[{"href":"https:\/\/aorh.ch\/index.php?rest_route=\/wp\/v2\/pages\/769","targetHints":{"allow":["GET"]}}],"collection":[{"href":"https:\/\/aorh.ch\/index.php?rest_route=\/wp\/v2\/pages"}],"about":[{"href":"https:\/\/aorh.ch\/index.php?rest_route=\/wp\/v2\/types\/page"}],"author":[{"embeddable":true,"href":"https:\/\/aorh.ch\/index.php?rest_route=\/wp\/v2\/users\/1"}],"replies":[{"embeddable":true,"href":"https:\/\/aorh.ch\/index.php?rest_route=%2Fwp%2Fv2%2Fcomments&post=769"}],"version-history":[{"count":3,"href":"https:\/\/aorh.ch\/index.php?rest_route=\/wp\/v2\/pages\/769\/revisions"}],"predecessor-version":[{"id":771,"href":"https:\/\/aorh.ch\/index.php?rest_route=\/wp\/v2\/pages\/769\/revisions\/771"}],"up":[{"embeddable":true,"href":"https:\/\/aorh.ch\/index.php?rest_route=\/wp\/v2\/pages\/122"}],"wp:attachment":[{"href":"https:\/\/aorh.ch\/index.php?rest_route=%2Fwp%2Fv2%2Fmedia&parent=769"}],"curies":[{"name":"wp","href":"https:\/\/api.w.org\/{rel}","templated":true}]}}