{"id":788,"date":"2015-04-20T22:34:01","date_gmt":"2015-04-20T20:34:01","guid":{"rendered":"http:\/\/aor.bplaced.net\/wp\/?page_id=788"},"modified":"2015-04-20T22:34:01","modified_gmt":"2015-04-20T20:34:01","slug":"rueckblick-oamf-2-3-juli-2011-in-kreuzlingen","status":"publish","type":"page","link":"https:\/\/aorh.ch\/?page_id=788","title":{"rendered":"R\u00fcckblick OAMF 2.-3. Juli 2011 in Kreuzlingen"},"content":{"rendered":"<p><a href=\"https:\/\/aorh.ch\/wp-content\/uploads\/2013\/11\/oamf2011.jpg\"><img loading=\"lazy\" decoding=\"async\" class=\" size-full wp-image-353 alignnone\" src=\"https:\/\/aorh.ch\/wp-content\/uploads\/2013\/11\/oamf2011.jpg\" alt=\"oamf2011\" width=\"346\" height=\"350\" srcset=\"https:\/\/aorh.ch\/wp-content\/uploads\/2013\/11\/oamf2011.jpg 346w, https:\/\/aorh.ch\/wp-content\/uploads\/2013\/11\/oamf2011-296x300.jpg 296w\" sizes=\"auto, (max-width: 346px) 100vw, 346px\" \/><\/a><\/p>\n<p>&nbsp;<\/p>\n<p>\u201eSehr gut\u201c am Ostschweizer Akkordeon-Musikfest in Kreuzlingen<\/p>\n<p>Im Rhythmus von vier Jahren findet das ostschweizerische Akkordeonmusikfest statt, dieses Mal am vergangenen Wochenende in Kreuzlingen. Diverse Wettspiele, Musikvortr\u00e4ge und Platzkonzerte mit \u00fcber 350 Teilnehmern von 17 Vereinen wurden abgehalten.<br \/>\nDas Akkordeon Orchester Rorschach (AOR) unter der Leitung von Ruedi Wachter hatte sich mit dem St\u00fcck \u201eOverture in C-Dur von Rudolf W\u00fcrthner\u201c intensiv auf diesen friedlichen Wettkampfauftritt vorbereitet.<br \/>\nEine allgemeine Hektik machte sich am Sonntag-Vormittag breit, als dann endlich die Seest\u00e4dter an der Reihe waren. Aber gerade dieser erh\u00f6hte Pulsschlag ist n\u00f6tig, um die absolute Konzentration f\u00fcr ein erhofftes Resultat vor den strengen Wertungsrichtern zu erreichen.<br \/>\nUm es gleich vorwegzunehmen, die Akkordeonisten erspielten sich ein vorz\u00fcgliches \u201esehr gut\u201c in der Kategorie Mittelstufe, was am Sonntag am Schlussakt mit der Verleihung der Pr\u00e4dikate auch dokumentiert wurde. Ebenso wurde jedem Verein eine CD mit der Originalaufnahme des Wettvortrages als Erinnerung \u00fcbergeben. Das aufgef\u00fchrte St\u00fcck wird sicher am n\u00e4chsten Jahreskonzert des AOR zu h\u00f6ren sein.<br \/>\nDas AOR m\u00f6chte sich bei der Stadt Kreuzlingen f\u00fcr die Gastlichkeit und beim OK f\u00fcr die perfekte Organisation danken. Es freut sich bereits auf das im n\u00e4chsten Jahr in Winterthur stattfindende \u201eEidgen\u00f6ssische\u201c. (Zu)<\/p>\n<p><a href=\"https:\/\/aorh.ch\/wp-content\/uploads\/2013\/11\/kreuzlingen1.jpg\"><img loading=\"lazy\" decoding=\"async\" class=\"aligncenter size-full wp-image-328\" src=\"https:\/\/aorh.ch\/wp-content\/uploads\/2013\/11\/kreuzlingen1.jpg\" alt=\"kreuzlingen1\" width=\"955\" height=\"510\" srcset=\"https:\/\/aorh.ch\/wp-content\/uploads\/2013\/11\/kreuzlingen1.jpg 955w, https:\/\/aorh.ch\/wp-content\/uploads\/2013\/11\/kreuzlingen1-300x160.jpg 300w\" sizes=\"auto, (max-width: 955px) 100vw, 955px\" \/><\/a><\/p>\n<p><a href=\"https:\/\/aorh.ch\/wp-content\/uploads\/2013\/11\/kreuzlingen3.jpg\"><img loading=\"lazy\" decoding=\"async\" class=\"aligncenter size-full wp-image-330\" src=\"https:\/\/aorh.ch\/wp-content\/uploads\/2013\/11\/kreuzlingen3.jpg\" alt=\"kreuzlingen3\" width=\"457\" height=\"293\" srcset=\"https:\/\/aorh.ch\/wp-content\/uploads\/2013\/11\/kreuzlingen3.jpg 457w, https:\/\/aorh.ch\/wp-content\/uploads\/2013\/11\/kreuzlingen3-300x192.jpg 300w\" sizes=\"auto, (max-width: 457px) 100vw, 457px\" \/><\/a><\/p>\n<p><a href=\"https:\/\/aorh.ch\/wp-content\/uploads\/2013\/11\/kreuzlingen2.jpg\"><img loading=\"lazy\" decoding=\"async\" class=\"aligncenter size-full wp-image-329\" src=\"https:\/\/aorh.ch\/wp-content\/uploads\/2013\/11\/kreuzlingen2.jpg\" alt=\"kreuzlingen2\" width=\"457\" height=\"301\" srcset=\"https:\/\/aorh.ch\/wp-content\/uploads\/2013\/11\/kreuzlingen2.jpg 457w, https:\/\/aorh.ch\/wp-content\/uploads\/2013\/11\/kreuzlingen2-300x197.jpg 300w\" sizes=\"auto, (max-width: 457px) 100vw, 457px\" \/><\/a><\/p>\n","protected":false},"excerpt":{"rendered":"<p>&nbsp; \u201eSehr gut\u201c am Ostschweizer Akkordeon-Musikfest in Kreuzlingen Im Rhythmus von vier Jahren findet das ostschweizerische Akkordeonmusikfest statt, dieses Mal am vergangenen Wochenende in Kreuzlingen. Diverse Wettspiele, Musikvortr\u00e4ge und Platzkonzerte mit \u00fcber 350 Teilnehmern von 17 Vereinen wurden abgehalten. Das Akkordeon Orchester Rorschach (AOR) unter der Leitung von Ruedi Wachter hatte sich mit dem St\u00fcck&hellip; <a class=\"more-link\" href=\"https:\/\/aorh.ch\/?page_id=788\"><span class=\"screen-reader-text\">R\u00fcckblick OAMF 2.-3. Juli 2011 in Kreuzlingen<\/span> weiterlesen<\/a><\/p>\n","protected":false},"author":1,"featured_media":0,"parent":122,"menu_order":7,"comment_status":"closed","ping_status":"closed","template":"","meta":{"footnotes":""},"class_list":["post-788","page","type-page","status-publish","hentry","entry"],"_links":{"self":[{"href":"https:\/\/aorh.ch\/index.php?rest_route=\/wp\/v2\/pages\/788","targetHints":{"allow":["GET"]}}],"collection":[{"href":"https:\/\/aorh.ch\/index.php?rest_route=\/wp\/v2\/pages"}],"about":[{"href":"https:\/\/aorh.ch\/index.php?rest_route=\/wp\/v2\/types\/page"}],"author":[{"embeddable":true,"href":"https:\/\/aorh.ch\/index.php?rest_route=\/wp\/v2\/users\/1"}],"replies":[{"embeddable":true,"href":"https:\/\/aorh.ch\/index.php?rest_route=%2Fwp%2Fv2%2Fcomments&post=788"}],"version-history":[{"count":3,"href":"https:\/\/aorh.ch\/index.php?rest_route=\/wp\/v2\/pages\/788\/revisions"}],"predecessor-version":[{"id":791,"href":"https:\/\/aorh.ch\/index.php?rest_route=\/wp\/v2\/pages\/788\/revisions\/791"}],"up":[{"embeddable":true,"href":"https:\/\/aorh.ch\/index.php?rest_route=\/wp\/v2\/pages\/122"}],"wp:attachment":[{"href":"https:\/\/aorh.ch\/index.php?rest_route=%2Fwp%2Fv2%2Fmedia&parent=788"}],"curies":[{"name":"wp","href":"https:\/\/api.w.org\/{rel}","templated":true}]}}