{"id":793,"date":"2015-04-21T18:04:23","date_gmt":"2015-04-21T16:04:23","guid":{"rendered":"http:\/\/aor.bplaced.net\/wp\/?page_id=793"},"modified":"2015-08-21T22:37:49","modified_gmt":"2015-08-21T20:37:49","slug":"rueckblick-jahreskonzert-2010","status":"publish","type":"page","link":"https:\/\/aorh.ch\/?page_id=793","title":{"rendered":"R\u00fcckblick Jahreskonzert 2010"},"content":{"rendered":"<p>Zeitungsbericht im St. Galler Tagblatt, 29. November 2010<\/p>\n<p><a href=\"https:\/\/aorh.ch\/wp-content\/uploads\/2015\/04\/jk1013.jpg\"><img loading=\"lazy\" decoding=\"async\" class=\" size-full wp-image-796 aligncenter\" src=\"https:\/\/aorh.ch\/wp-content\/uploads\/2015\/04\/jk1013.jpg\" alt=\"Jahreskonzert Akkordeon-Orchester Rorschach im Stadthof\" width=\"290\" height=\"700\" srcset=\"https:\/\/aorh.ch\/wp-content\/uploads\/2015\/04\/jk1013.jpg 290w, https:\/\/aorh.ch\/wp-content\/uploads\/2015\/04\/jk1013-124x300.jpg 124w\" sizes=\"auto, (max-width: 290px) 100vw, 290px\" \/><\/a>Leckerbissen f\u00fcr Augen und Ohren<\/p>\n<p>Voller Stadthofsaal f\u00fcrs Akkordeonorchester und seine Untergruppen. Die Zeitreise f\u00fchrt von traditionellen Weisen hin zu den Kl\u00e4ngen der Gruppen ABBA und Beatles und Michael Jackson.<\/p>\n<p>PETER BEERLI<\/p>\n<p>Rorschach. Die Schwyzer\u00f6rgelifr\u00fcnde: Frauen in sch\u00f6nen Trachten und viele Jugendliche in roten und blauen \u00abChutteli\u00bb und Hirtenhemden boten gestern auf der B\u00fchne des Stadthofsaals ein buntes Bild. Die Musikantinnen und Musikanten des Akkordeonorchesters traten dann in edlem Schwarz-Weiss auf. Immer wieder aber fesselten die flinken Fingerbewegungen die Augen der Musikfreunde.<\/p>\n<p>Das Akkordeon hat Zukunft<\/p>\n<p>Noch gr\u00f6sser als diese Leckerbissen f\u00fcr die Augen waren jene f\u00fcr die Ohren. Daf\u00fcr dass in der Region Rorschach dem Akkordeon eine Zukunft aufgebaut wird, sorgt an den Musikschulen von Rorschach\/Rorschacherberg und Goldach Ruedi Wachter. Unter seiner Leitung \u00fcberzeugten neun junge und junggebliebene Musikanten mit einem Tango und der James Bond-Filmmelodie \u00abGolden-Eye\u00bb, bevor sie sich erfolgreich an Kl\u00e4nge der schwedischen Pop-Gruppe ABBA heranwagten, die einst viele Wochen lang die Hitparade angef\u00fchrt hatten. Bei vielen traditionellen Melodien weiss niemand mehr genau zu sagen, wer sie wann geschaffen hat. Aber noch immer bereiten Schottische wie \u00ab\u00dcber de Sattel\u00bb und \u00abEn Alte\u00bb den Zuh\u00f6rern Freude, besonders dann wenn sie so gut gespielt werden, wie es die Schwyzer\u00f6rgelifr\u00fcnde gestern taten. Ruedi Wachter, der vorher f\u00fcr das Ensemble der Musikschulen und sp\u00e4ter f\u00fcr das Akkordeonorchester den Dirigentenstab gef\u00fchrt hatte, sass jetzt mitten unter den jungen und \u00e4lteren Musikanten und Gattin Heidi Wachter-Rutz spielte die Bassgeige dazu.<\/p>\n<p>Ein K\u00fcsschen geh\u00f6rt dazu<\/p>\n<p>Zu Arthur Beuls Lied \u00abDibid\u00e4bi l\u00fcpf dis Bei\u00bb sangen, tanzten und k\u00fcssten die Geschwister Alexandra und Christian Weiler, dass es eine helle Freude war. Auch als Gastgruppe hatte das Akkordeonorchester Rorschach mit den mehrfach mit Preisen ausgezeichneten Geschwistern Linder aus Wolfhalden Jugendliche gew\u00e4hlt: Corinna spielte den Kontrabass, Denise das Klavier und die Zwillingsbr\u00fcder Andreas und Christian bewiesen einmal mehr, dass sie das Schwyzer\u00f6rgeli beherrschen.<\/p>\n<p>Als Musiker und S\u00e4nger<\/p>\n<p>Nach der Pause rief Ruedi Wachter das Orchester der erwachsenen Akkordeonk\u00fcnstlerinnen und -k\u00fcnstler auf die B\u00fchne. Ihretwegen war sogar eine Delegation aus dem Kanton Z\u00fcrich an den Bodensee gekommen. Mit Michael Jacksons \u00abHeal the World\u00bb wurde die Adventszeit klangvoll er\u00f6ffnet und mit Robbie Williams \u00abAngels\u00bb ging das Konzert beinahe himmlisch weiter, zumal Stefan Grab, welcher mit Sonja Sch\u00e4lin durchs Programm f\u00fchrte, hier ein wundersch\u00f6nes Solo sang. Zusammen mit ihm erwies sich gegen Schluss des Konzertes im von Heidi Wachter arrangierten \u00abSave your love\u00bb auch Sergio Zulian als grosses Gesangstalent. Mit dem \u00abTiger Rag\u00bb f\u00fchrte das Orchester in fr\u00fchere Zeiten des Jazz zur\u00fcck, bevor das Konzert mit dem \u00abBoney\u00bb-Hitmix und einer Zugabe ausklang.<\/p>\n<p><a href=\"https:\/\/aorh.ch\/wp-content\/uploads\/2015\/08\/programmjk2010.pdf\">Programm<\/a><\/p>\n<p><a href=\"https:\/\/aorh.ch\/wp-content\/uploads\/2013\/11\/jk1012.jpg\"><img loading=\"lazy\" decoding=\"async\" class=\"aligncenter size-full wp-image-278\" src=\"https:\/\/aorh.ch\/wp-content\/uploads\/2013\/11\/jk1012.jpg\" alt=\"jk1012\" width=\"264\" height=\"344\" srcset=\"https:\/\/aorh.ch\/wp-content\/uploads\/2013\/11\/jk1012.jpg 264w, https:\/\/aorh.ch\/wp-content\/uploads\/2013\/11\/jk1012-230x300.jpg 230w\" sizes=\"auto, (max-width: 264px) 100vw, 264px\" \/><\/a> <a href=\"https:\/\/aorh.ch\/wp-content\/uploads\/2013\/11\/jk1011.jpg\"><img loading=\"lazy\" decoding=\"async\" class=\"aligncenter size-full wp-image-277\" src=\"https:\/\/aorh.ch\/wp-content\/uploads\/2013\/11\/jk1011.jpg\" alt=\"jk1011\" width=\"266\" height=\"304\" srcset=\"https:\/\/aorh.ch\/wp-content\/uploads\/2013\/11\/jk1011.jpg 266w, https:\/\/aorh.ch\/wp-content\/uploads\/2013\/11\/jk1011-262x300.jpg 262w\" sizes=\"auto, (max-width: 266px) 100vw, 266px\" \/><\/a> <a href=\"https:\/\/aorh.ch\/wp-content\/uploads\/2013\/11\/jk1010.jpg\"><img loading=\"lazy\" decoding=\"async\" class=\"aligncenter size-full wp-image-276\" src=\"https:\/\/aorh.ch\/wp-content\/uploads\/2013\/11\/jk1010.jpg\" alt=\"jk1010\" width=\"640\" height=\"394\" srcset=\"https:\/\/aorh.ch\/wp-content\/uploads\/2013\/11\/jk1010.jpg 640w, https:\/\/aorh.ch\/wp-content\/uploads\/2013\/11\/jk1010-300x184.jpg 300w\" sizes=\"auto, (max-width: 640px) 100vw, 640px\" \/><\/a> <a href=\"https:\/\/aorh.ch\/wp-content\/uploads\/2013\/11\/jk1009.jpg\"><img loading=\"lazy\" decoding=\"async\" class=\"aligncenter size-full wp-image-275\" src=\"https:\/\/aorh.ch\/wp-content\/uploads\/2013\/11\/jk1009.jpg\" alt=\"jk1009\" width=\"640\" height=\"426\" srcset=\"https:\/\/aorh.ch\/wp-content\/uploads\/2013\/11\/jk1009.jpg 640w, https:\/\/aorh.ch\/wp-content\/uploads\/2013\/11\/jk1009-300x199.jpg 300w\" sizes=\"auto, (max-width: 640px) 100vw, 640px\" \/><\/a> <a href=\"https:\/\/aorh.ch\/wp-content\/uploads\/2013\/11\/jk1008.jpg\"><img loading=\"lazy\" decoding=\"async\" class=\"aligncenter size-full wp-image-274\" src=\"https:\/\/aorh.ch\/wp-content\/uploads\/2013\/11\/jk1008.jpg\" alt=\"jk1008\" width=\"639\" height=\"410\" srcset=\"https:\/\/aorh.ch\/wp-content\/uploads\/2013\/11\/jk1008.jpg 639w, https:\/\/aorh.ch\/wp-content\/uploads\/2013\/11\/jk1008-300x192.jpg 300w\" sizes=\"auto, (max-width: 639px) 100vw, 639px\" \/><\/a> <a href=\"https:\/\/aorh.ch\/wp-content\/uploads\/2013\/11\/jk1007.jpg\"><img loading=\"lazy\" decoding=\"async\" class=\"aligncenter size-full wp-image-273\" src=\"https:\/\/aorh.ch\/wp-content\/uploads\/2013\/11\/jk1007.jpg\" alt=\"jk1007\" width=\"590\" height=\"412\" srcset=\"https:\/\/aorh.ch\/wp-content\/uploads\/2013\/11\/jk1007.jpg 590w, https:\/\/aorh.ch\/wp-content\/uploads\/2013\/11\/jk1007-300x209.jpg 300w\" sizes=\"auto, (max-width: 590px) 100vw, 590px\" \/><\/a> <a href=\"https:\/\/aorh.ch\/wp-content\/uploads\/2013\/11\/jk1006.jpg\"><img loading=\"lazy\" decoding=\"async\" class=\"aligncenter size-full wp-image-272\" src=\"https:\/\/aorh.ch\/wp-content\/uploads\/2013\/11\/jk1006.jpg\" alt=\"jk1006\" width=\"597\" height=\"470\" srcset=\"https:\/\/aorh.ch\/wp-content\/uploads\/2013\/11\/jk1006.jpg 597w, https:\/\/aorh.ch\/wp-content\/uploads\/2013\/11\/jk1006-300x236.jpg 300w\" sizes=\"auto, (max-width: 597px) 100vw, 597px\" \/><\/a> <a href=\"https:\/\/aorh.ch\/wp-content\/uploads\/2013\/11\/jk1005.jpg\"><img loading=\"lazy\" decoding=\"async\" class=\"aligncenter size-full wp-image-271\" src=\"https:\/\/aorh.ch\/wp-content\/uploads\/2013\/11\/jk1005.jpg\" alt=\"jk1005\" width=\"276\" height=\"330\" srcset=\"https:\/\/aorh.ch\/wp-content\/uploads\/2013\/11\/jk1005.jpg 276w, https:\/\/aorh.ch\/wp-content\/uploads\/2013\/11\/jk1005-250x300.jpg 250w\" sizes=\"auto, (max-width: 276px) 100vw, 276px\" \/><\/a> <a href=\"https:\/\/aorh.ch\/wp-content\/uploads\/2013\/11\/jk1004.jpg\"><img loading=\"lazy\" decoding=\"async\" class=\"aligncenter size-full wp-image-270\" src=\"https:\/\/aorh.ch\/wp-content\/uploads\/2013\/11\/jk1004.jpg\" alt=\"jk1004\" width=\"639\" height=\"385\" srcset=\"https:\/\/aorh.ch\/wp-content\/uploads\/2013\/11\/jk1004.jpg 639w, https:\/\/aorh.ch\/wp-content\/uploads\/2013\/11\/jk1004-300x180.jpg 300w\" sizes=\"auto, (max-width: 639px) 100vw, 639px\" \/><\/a> <a href=\"https:\/\/aorh.ch\/wp-content\/uploads\/2013\/11\/jk1003.jpg\"><img loading=\"lazy\" decoding=\"async\" class=\"aligncenter size-full wp-image-269\" src=\"https:\/\/aorh.ch\/wp-content\/uploads\/2013\/11\/jk1003.jpg\" alt=\"jk1003\" width=\"640\" height=\"381\" srcset=\"https:\/\/aorh.ch\/wp-content\/uploads\/2013\/11\/jk1003.jpg 640w, https:\/\/aorh.ch\/wp-content\/uploads\/2013\/11\/jk1003-300x178.jpg 300w\" sizes=\"auto, (max-width: 640px) 100vw, 640px\" \/><\/a> <a href=\"https:\/\/aorh.ch\/wp-content\/uploads\/2013\/11\/jk1002.jpg\"><img loading=\"lazy\" decoding=\"async\" class=\"aligncenter size-full wp-image-268\" src=\"https:\/\/aorh.ch\/wp-content\/uploads\/2013\/11\/jk1002.jpg\" alt=\"jk1002\" width=\"588\" height=\"388\" srcset=\"https:\/\/aorh.ch\/wp-content\/uploads\/2013\/11\/jk1002.jpg 588w, https:\/\/aorh.ch\/wp-content\/uploads\/2013\/11\/jk1002-300x197.jpg 300w\" sizes=\"auto, (max-width: 588px) 100vw, 588px\" \/><\/a> <a href=\"https:\/\/aorh.ch\/wp-content\/uploads\/2013\/11\/jk1001.jpg\"><img loading=\"lazy\" decoding=\"async\" class=\"aligncenter size-full wp-image-267\" src=\"https:\/\/aorh.ch\/wp-content\/uploads\/2013\/11\/jk1001.jpg\" alt=\"jk1001\" width=\"438\" height=\"470\" srcset=\"https:\/\/aorh.ch\/wp-content\/uploads\/2013\/11\/jk1001.jpg 438w, https:\/\/aorh.ch\/wp-content\/uploads\/2013\/11\/jk1001-279x300.jpg 279w\" sizes=\"auto, (max-width: 438px) 100vw, 438px\" \/><\/a><\/p>\n","protected":false},"excerpt":{"rendered":"<p>Zeitungsbericht im St. Galler Tagblatt, 29. November 2010 Leckerbissen f\u00fcr Augen und Ohren Voller Stadthofsaal f\u00fcrs Akkordeonorchester und seine Untergruppen. Die Zeitreise f\u00fchrt von traditionellen Weisen hin zu den Kl\u00e4ngen der Gruppen ABBA und Beatles und Michael Jackson. PETER BEERLI Rorschach. Die Schwyzer\u00f6rgelifr\u00fcnde: Frauen in sch\u00f6nen Trachten und viele Jugendliche in roten und blauen \u00abChutteli\u00bb&hellip; <a class=\"more-link\" href=\"https:\/\/aorh.ch\/?page_id=793\"><span class=\"screen-reader-text\">R\u00fcckblick Jahreskonzert 2010<\/span> weiterlesen<\/a><\/p>\n","protected":false},"author":1,"featured_media":0,"parent":122,"menu_order":8,"comment_status":"closed","ping_status":"closed","template":"","meta":{"footnotes":""},"class_list":["post-793","page","type-page","status-publish","hentry","entry"],"_links":{"self":[{"href":"https:\/\/aorh.ch\/index.php?rest_route=\/wp\/v2\/pages\/793","targetHints":{"allow":["GET"]}}],"collection":[{"href":"https:\/\/aorh.ch\/index.php?rest_route=\/wp\/v2\/pages"}],"about":[{"href":"https:\/\/aorh.ch\/index.php?rest_route=\/wp\/v2\/types\/page"}],"author":[{"embeddable":true,"href":"https:\/\/aorh.ch\/index.php?rest_route=\/wp\/v2\/users\/1"}],"replies":[{"embeddable":true,"href":"https:\/\/aorh.ch\/index.php?rest_route=%2Fwp%2Fv2%2Fcomments&post=793"}],"version-history":[{"count":5,"href":"https:\/\/aorh.ch\/index.php?rest_route=\/wp\/v2\/pages\/793\/revisions"}],"predecessor-version":[{"id":1042,"href":"https:\/\/aorh.ch\/index.php?rest_route=\/wp\/v2\/pages\/793\/revisions\/1042"}],"up":[{"embeddable":true,"href":"https:\/\/aorh.ch\/index.php?rest_route=\/wp\/v2\/pages\/122"}],"wp:attachment":[{"href":"https:\/\/aorh.ch\/index.php?rest_route=%2Fwp%2Fv2%2Fmedia&parent=793"}],"curies":[{"name":"wp","href":"https:\/\/api.w.org\/{rel}","templated":true}]}}