{"id":838,"date":"2015-04-22T19:56:34","date_gmt":"2015-04-22T17:56:34","guid":{"rendered":"http:\/\/aor.bplaced.net\/wp\/?page_id=838"},"modified":"2015-04-22T19:56:34","modified_gmt":"2015-04-22T17:56:34","slug":"nachwuchs-jungmusikantensieger-vom-9-september-2007","status":"publish","type":"page","link":"https:\/\/aorh.ch\/?page_id=838","title":{"rendered":"Nachwuchs-Jungmusikantensieger vom 9. September 2007"},"content":{"rendered":"<p>Medien-Information vom 10. September 2007<br \/>\nDie beiden Nachwuchssieger 2007 kommen aus der Ostschweiz<br \/>\nSchweizer \u00abNachwuchsjodlersieger 2007\u00bb wurde am Final der Finalisten am Eidgen\u00f6ssischen L\u00e4ndlermusikfest in Stans das Buebech\u00f6rli Stein AR und \u00abJungmusikantensieger 2007\u00bb wurde Sternecheibe aus T\u00fcbach SG.<br \/>\nDas wundersch\u00f6ne Eidgen\u00f6ssische L\u00e4ndlermusikfest bot vom 7. bis 9. September 2007 einige H\u00f6hepunkte. Die zehn qualifizierten Finalformationen mit Jugendlichen bis zum 20. Altersjahr trafen sich am Samstagnachmittag zum Final der Finalisten. Der Wettbewerbsh\u00f6hepunkt wurde live vom Schweizer Radio DRS 1 und von der DRS Musigwelle \u00fcbertragen.<br \/>\nIn Stans massen sich die besten Schweizer Nachwuchsformationen im Bereich Jodeln und Volksmusik in einem spannenden und qualitativ sehr hoch stehenden musikalischen Wettstreit. Dabei erk\u00fcrten sie die neuen Schweizer Meister. Um sich f\u00fcr den Final der Finalisten zu qualifizieren, mussten die Jugendlichen regionale Ausscheidungskonzerte und den nationalen Final bestehen.<br \/>\nDem \u00abNachwuchsjodlersieger 2007\u00bb und dem \u00abJungmusikantensieger 2007\u00bb wurde ein sch\u00f6ner Bergkristallpokal \u2013 gesponsert von der Schweizer Folklore-Illustrierten Alpenrosen \u2013 \u00fcberreicht. Weiter erhalten die beiden Siegerformationen zahlreiche Medienauftritte und eine CD-Produktion.<br \/>\nDas Buebech\u00f6rli Stein AR wird von Ernst Meier geleitet. Die rund 30 Jugendlichen sind zwischen 9 und 17 Jahre alt. Ihr Repertoire ist sehr breit. Die Pflege der traditionellen \u00abZ\u00e4uerlis\u00bb liegt ihnen sehr am Herzen. Gewonnen haben sie den Wettbewerb allerdings mit dem modernen Lied \u00abSiloballeblues\u00bb von D\u00f6lf Mettler.<br \/>\nDie Formation Sternecheibe aus T\u00fcbach SG \u00fcberzeugte die Fachjury mit dem schwierigen Titel \u00abEs wott es Fraueli z\u2019tanze gah\u00bb von Ruedi Wachter. Die Gruppe besteht aus den Schwyzer\u00f6rgeler Donat Piras, Stephan M\u00fcnger und Martin Straub, am Bass spielt Jennifer Piras. Die Jugendlichen sind zwischen 16 und 18 Jahre alt.<br \/>\nAlle Sieger des 12. Schweizerischen Nachwuchsjodler-Wettbewerbes und des 14. Schweizerischen Jungmusikanten-Wettbewerbes produzieren gemeinsam im Tonstudio von CH-Records in D\u00fcbendorf den neuen Tontr\u00e4ger \u00abFolklore-Volltr\u00e4ffer 2007\u00bb. An der \u00abFolklore-Weihnacht 2007\u00bb am Sonntag, 9. Dezember, um 14 Uhr, wird die neue CD in der Mehrzweckhalle Niederg\u00f6sgen SO gemeinsam von den Jugendlichen getauft.<br \/>\nPartner dieser von der IG zur F\u00f6rderung der Schweizer Folklore organisierten Nachwuchs-Wettbewerbe sind: Schweizer Radio DRS 1, DRS Musigwelle, Radio Suisse Romande, Schweizer Fernsehen, Schweizer Folklore-Illustrierte Alpenrosen, OK Nordostschweizerisches Jodlerfest St. Moritz, OK Eidgen\u00f6ssisches L\u00e4ndlermusikfest Stans, CH-Records, Eidgen\u00f6ssischer Jodlerverband EJV und Verband Schweizer Volksmusik VSV.<\/p>\n<p><a href=\"https:\/\/aorh.ch\/wp-content\/uploads\/2013\/11\/nachwuchs2.jpg\"><img loading=\"lazy\" decoding=\"async\" class=\"aligncenter size-full wp-image-347\" src=\"https:\/\/aorh.ch\/wp-content\/uploads\/2013\/11\/nachwuchs2.jpg\" alt=\"nachwuchs2\" width=\"640\" height=\"480\" srcset=\"https:\/\/aorh.ch\/wp-content\/uploads\/2013\/11\/nachwuchs2.jpg 640w, https:\/\/aorh.ch\/wp-content\/uploads\/2013\/11\/nachwuchs2-300x225.jpg 300w\" sizes=\"auto, (max-width: 640px) 100vw, 640px\" \/><\/a><\/p>\n<p><a href=\"https:\/\/aorh.ch\/wp-content\/uploads\/2013\/11\/nachwuchs3.jpg\"><img loading=\"lazy\" decoding=\"async\" class=\"aligncenter size-full wp-image-348\" src=\"https:\/\/aorh.ch\/wp-content\/uploads\/2013\/11\/nachwuchs3.jpg\" alt=\"nachwuchs3\" width=\"640\" height=\"480\" srcset=\"https:\/\/aorh.ch\/wp-content\/uploads\/2013\/11\/nachwuchs3.jpg 640w, https:\/\/aorh.ch\/wp-content\/uploads\/2013\/11\/nachwuchs3-300x225.jpg 300w\" sizes=\"auto, (max-width: 640px) 100vw, 640px\" \/><\/a><\/p>\n","protected":false},"excerpt":{"rendered":"<p>Medien-Information vom 10. September 2007 Die beiden Nachwuchssieger 2007 kommen aus der Ostschweiz Schweizer \u00abNachwuchsjodlersieger 2007\u00bb wurde am Final der Finalisten am Eidgen\u00f6ssischen L\u00e4ndlermusikfest in Stans das Buebech\u00f6rli Stein AR und \u00abJungmusikantensieger 2007\u00bb wurde Sternecheibe aus T\u00fcbach SG. Das wundersch\u00f6ne Eidgen\u00f6ssische L\u00e4ndlermusikfest bot vom 7. bis 9. September 2007 einige H\u00f6hepunkte. Die zehn qualifizierten Finalformationen&hellip; <a class=\"more-link\" href=\"https:\/\/aorh.ch\/?page_id=838\"><span class=\"screen-reader-text\">Nachwuchs-Jungmusikantensieger vom 9. September 2007<\/span> weiterlesen<\/a><\/p>\n","protected":false},"author":1,"featured_media":0,"parent":122,"menu_order":13,"comment_status":"closed","ping_status":"closed","template":"","meta":{"footnotes":""},"class_list":["post-838","page","type-page","status-publish","hentry","entry"],"_links":{"self":[{"href":"https:\/\/aorh.ch\/index.php?rest_route=\/wp\/v2\/pages\/838","targetHints":{"allow":["GET"]}}],"collection":[{"href":"https:\/\/aorh.ch\/index.php?rest_route=\/wp\/v2\/pages"}],"about":[{"href":"https:\/\/aorh.ch\/index.php?rest_route=\/wp\/v2\/types\/page"}],"author":[{"embeddable":true,"href":"https:\/\/aorh.ch\/index.php?rest_route=\/wp\/v2\/users\/1"}],"replies":[{"embeddable":true,"href":"https:\/\/aorh.ch\/index.php?rest_route=%2Fwp%2Fv2%2Fcomments&post=838"}],"version-history":[{"count":3,"href":"https:\/\/aorh.ch\/index.php?rest_route=\/wp\/v2\/pages\/838\/revisions"}],"predecessor-version":[{"id":841,"href":"https:\/\/aorh.ch\/index.php?rest_route=\/wp\/v2\/pages\/838\/revisions\/841"}],"up":[{"embeddable":true,"href":"https:\/\/aorh.ch\/index.php?rest_route=\/wp\/v2\/pages\/122"}],"wp:attachment":[{"href":"https:\/\/aorh.ch\/index.php?rest_route=%2Fwp%2Fv2%2Fmedia&parent=838"}],"curies":[{"name":"wp","href":"https:\/\/api.w.org\/{rel}","templated":true}]}}