{"id":843,"date":"2015-04-22T20:04:05","date_gmt":"2015-04-22T18:04:05","guid":{"rendered":"http:\/\/aor.bplaced.net\/wp\/?page_id=843"},"modified":"2015-04-22T20:04:05","modified_gmt":"2015-04-22T18:04:05","slug":"ausscheidung-coupe-suisse-de-laccordeon-2007","status":"publish","type":"page","link":"https:\/\/aorh.ch\/?page_id=843","title":{"rendered":"Ausscheidung Coupe Suisse de l\u2019Accordeon 2007"},"content":{"rendered":"<p>Am 13. Mai 2007 fanden in Dielsdorf\/ZH die Ausscheidungsspiele f\u00fcr den Akkordeon-Wettbewerb &#8222;Coupe Suisse de l&#8217;Accord\u00e9on 2007 &#8220; statt.<\/p>\n<p>Folgende Spieler vom Akkordeon-Orchester Rorschach erreichten den Final:<\/p>\n<p>Mittelstufe: Sonja Wagenbichler, Goldach<br \/>\nTobias N\u00fcssli, Arbon<br \/>\nOberstufe-Duo: Jennifer u. Donat Piras, T\u00fcbach<\/p>\n<p>Oberstufe M2: Jennifer Piras, T\u00fcbach<br \/>\nDonat Piras, T\u00fcbach<\/p>\n<p>Oberstufe M3: Jennifer Piras, T\u00fcbach, &#8222;Mit Auszeichnung der Jury&#8220;!<\/p>\n<p>H\u00f6chststufe professionell M3: Jacqueline Wachter, Rorschach, &#8222;Mit Auszeichnung der Jury&#8220;<\/p>\n<p><a href=\"https:\/\/aorh.ch\/wp-content\/uploads\/2013\/11\/csa07_vorausscheidung.pdf\">Rangliste<\/a><\/p>\n<p>von links nach rechts:<br \/>\nJacqueline Wachter &#8211; Tobias N\u00fcssli &#8211; Sonja Wagenbichler<\/p>\n<p><a href=\"https:\/\/aorh.ch\/wp-content\/uploads\/2013\/11\/jac_son_tob.jpg\"><img loading=\"lazy\" decoding=\"async\" class=\"aligncenter size-full wp-image-236\" src=\"https:\/\/aorh.ch\/wp-content\/uploads\/2013\/11\/jac_son_tob.jpg\" alt=\"jac_son_tob\" width=\"640\" height=\"480\" srcset=\"https:\/\/aorh.ch\/wp-content\/uploads\/2013\/11\/jac_son_tob.jpg 640w, https:\/\/aorh.ch\/wp-content\/uploads\/2013\/11\/jac_son_tob-300x225.jpg 300w\" sizes=\"auto, (max-width: 640px) 100vw, 640px\" \/><\/a><\/p>\n<p>Jenny und Donat Piras<\/p>\n<p><a href=\"https:\/\/aorh.ch\/wp-content\/uploads\/2013\/11\/duo_piras.jpg\"><img loading=\"lazy\" decoding=\"async\" class=\"aligncenter size-full wp-image-200\" src=\"https:\/\/aorh.ch\/wp-content\/uploads\/2013\/11\/duo_piras.jpg\" alt=\"duo_piras\" width=\"640\" height=\"480\" srcset=\"https:\/\/aorh.ch\/wp-content\/uploads\/2013\/11\/duo_piras.jpg 640w, https:\/\/aorh.ch\/wp-content\/uploads\/2013\/11\/duo_piras-300x225.jpg 300w\" sizes=\"auto, (max-width: 640px) 100vw, 640px\" \/><\/a><\/p>\n","protected":false},"excerpt":{"rendered":"<p>Am 13. Mai 2007 fanden in Dielsdorf\/ZH die Ausscheidungsspiele f\u00fcr den Akkordeon-Wettbewerb &#8222;Coupe Suisse de l&#8217;Accord\u00e9on 2007 &#8220; statt. Folgende Spieler vom Akkordeon-Orchester Rorschach erreichten den Final: Mittelstufe: Sonja Wagenbichler, Goldach Tobias N\u00fcssli, Arbon Oberstufe-Duo: Jennifer u. Donat Piras, T\u00fcbach Oberstufe M2: Jennifer Piras, T\u00fcbach Donat Piras, T\u00fcbach Oberstufe M3: Jennifer Piras, T\u00fcbach, &#8222;Mit Auszeichnung&hellip; <a class=\"more-link\" href=\"https:\/\/aorh.ch\/?page_id=843\"><span class=\"screen-reader-text\">Ausscheidung Coupe Suisse de l\u2019Accordeon 2007<\/span> weiterlesen<\/a><\/p>\n","protected":false},"author":1,"featured_media":0,"parent":122,"menu_order":14,"comment_status":"closed","ping_status":"closed","template":"","meta":{"footnotes":""},"class_list":["post-843","page","type-page","status-publish","hentry","entry"],"_links":{"self":[{"href":"https:\/\/aorh.ch\/index.php?rest_route=\/wp\/v2\/pages\/843","targetHints":{"allow":["GET"]}}],"collection":[{"href":"https:\/\/aorh.ch\/index.php?rest_route=\/wp\/v2\/pages"}],"about":[{"href":"https:\/\/aorh.ch\/index.php?rest_route=\/wp\/v2\/types\/page"}],"author":[{"embeddable":true,"href":"https:\/\/aorh.ch\/index.php?rest_route=\/wp\/v2\/users\/1"}],"replies":[{"embeddable":true,"href":"https:\/\/aorh.ch\/index.php?rest_route=%2Fwp%2Fv2%2Fcomments&post=843"}],"version-history":[{"count":3,"href":"https:\/\/aorh.ch\/index.php?rest_route=\/wp\/v2\/pages\/843\/revisions"}],"predecessor-version":[{"id":846,"href":"https:\/\/aorh.ch\/index.php?rest_route=\/wp\/v2\/pages\/843\/revisions\/846"}],"up":[{"embeddable":true,"href":"https:\/\/aorh.ch\/index.php?rest_route=\/wp\/v2\/pages\/122"}],"wp:attachment":[{"href":"https:\/\/aorh.ch\/index.php?rest_route=%2Fwp%2Fv2%2Fmedia&parent=843"}],"curies":[{"name":"wp","href":"https:\/\/api.w.org\/{rel}","templated":true}]}}