{"id":854,"date":"2015-04-22T20:27:10","date_gmt":"2015-04-22T18:27:10","guid":{"rendered":"http:\/\/aor.bplaced.net\/wp\/?page_id=854"},"modified":"2015-04-22T20:27:10","modified_gmt":"2015-04-22T18:27:10","slug":"nachwuchs-jungmusikantensieger-vom-2-september-2006","status":"publish","type":"page","link":"https:\/\/aorh.ch\/?page_id=854","title":{"rendered":"Nachwuchs-Jungmusikantensieger vom 2. September 2006"},"content":{"rendered":"<p>Das Trio Robin Mark \u00fcberzeugte die Fachjury mit der technisch schwierigen Komposition \u00abB\u00e4renkeller\u00bb von Marcel Oetiker. Die Formation besteht aus dem \u00e4usserst virtuos spielenden, 17-j\u00e4hrigen Schwyzer\u00f6rgeler Robin Mark aus Rh\u00e4z\u00fcns GR, der 19-j\u00e4hrigen Jaqueline Wachter, Rorschach\/SG am Klavier und dem gleichaltrigen Pirmin Huber, Galgenen\/SZ am Bass.<\/p>\n<p><a href=\"https:\/\/aorh.ch\/wp-content\/uploads\/2013\/11\/nachwuchs.jpg\"><img loading=\"lazy\" decoding=\"async\" class=\"aligncenter size-full wp-image-345\" src=\"https:\/\/aorh.ch\/wp-content\/uploads\/2013\/11\/nachwuchs.jpg\" alt=\"nachwuchs\" width=\"640\" height=\"536\" srcset=\"https:\/\/aorh.ch\/wp-content\/uploads\/2013\/11\/nachwuchs.jpg 640w, https:\/\/aorh.ch\/wp-content\/uploads\/2013\/11\/nachwuchs-300x251.jpg 300w\" sizes=\"auto, (max-width: 640px) 100vw, 640px\" \/><\/a><\/p>\n","protected":false},"excerpt":{"rendered":"<p>Das Trio Robin Mark \u00fcberzeugte die Fachjury mit der technisch schwierigen Komposition \u00abB\u00e4renkeller\u00bb von Marcel Oetiker. Die Formation besteht aus dem \u00e4usserst virtuos spielenden, 17-j\u00e4hrigen Schwyzer\u00f6rgeler Robin Mark aus Rh\u00e4z\u00fcns GR, der 19-j\u00e4hrigen Jaqueline Wachter, Rorschach\/SG am Klavier und dem gleichaltrigen Pirmin Huber, Galgenen\/SZ am Bass.<\/p>\n","protected":false},"author":1,"featured_media":0,"parent":122,"menu_order":16,"comment_status":"closed","ping_status":"closed","template":"","meta":{"footnotes":""},"class_list":["post-854","page","type-page","status-publish","hentry","entry"],"_links":{"self":[{"href":"https:\/\/aorh.ch\/index.php?rest_route=\/wp\/v2\/pages\/854","targetHints":{"allow":["GET"]}}],"collection":[{"href":"https:\/\/aorh.ch\/index.php?rest_route=\/wp\/v2\/pages"}],"about":[{"href":"https:\/\/aorh.ch\/index.php?rest_route=\/wp\/v2\/types\/page"}],"author":[{"embeddable":true,"href":"https:\/\/aorh.ch\/index.php?rest_route=\/wp\/v2\/users\/1"}],"replies":[{"embeddable":true,"href":"https:\/\/aorh.ch\/index.php?rest_route=%2Fwp%2Fv2%2Fcomments&post=854"}],"version-history":[{"count":3,"href":"https:\/\/aorh.ch\/index.php?rest_route=\/wp\/v2\/pages\/854\/revisions"}],"predecessor-version":[{"id":857,"href":"https:\/\/aorh.ch\/index.php?rest_route=\/wp\/v2\/pages\/854\/revisions\/857"}],"up":[{"embeddable":true,"href":"https:\/\/aorh.ch\/index.php?rest_route=\/wp\/v2\/pages\/122"}],"wp:attachment":[{"href":"https:\/\/aorh.ch\/index.php?rest_route=%2Fwp%2Fv2%2Fmedia&parent=854"}],"curies":[{"name":"wp","href":"https:\/\/api.w.org\/{rel}","templated":true}]}}