{"id":876,"date":"2015-04-22T21:19:14","date_gmt":"2015-04-22T19:19:14","guid":{"rendered":"http:\/\/aor.bplaced.net\/wp\/?page_id=876"},"modified":"2015-08-21T22:30:36","modified_gmt":"2015-08-21T20:30:36","slug":"rueckblick-jahreskonzert-2004","status":"publish","type":"page","link":"https:\/\/aorh.ch\/?page_id=876","title":{"rendered":"R\u00fcckblick Jahreskonzert 2004"},"content":{"rendered":"<p>Dienstag, 30. November 2004<\/p>\n<p>Akkordeon mit Gesang<\/p>\n<p>Voll besetzter Stadthof-Saal am Jahreskonzert des Akkordeonorchesters<\/p>\n<p>Rorschach. Rorschach bleibt unter der Leitung von Ruedi Wachter anerkannte Hochburg des Akkordeons und des mit ihm verwandten kleineren Schwyzer\u00f6rgelis. Das bewies letzten Sonntag das Akkordeon-Orchester.<\/p>\n<p>Peter Beerli<\/p>\n<p>Ein sehr zahlreiches Publikum, darunter Stadtpr\u00e4sident Thomas M\u00fcller mit Gemahlin, f\u00fcllte den Stadthofsaal und gab damit dem Akkordeon-Orchester bei seinem 21. Jahreskonzert die Ehre. Die Instrumentalistinnen, Instrumentalisten und die sie begleitenden S\u00e4ngerinnen und S\u00e4nger belohnten den Besuch mit einem abwechslungsreichen Programm voller \u00dcberraschungen. Sonja Z\u00fcrcher und Stefan Grab f\u00fchrten durchs grosse Nachmittagsprogramm, das mit einer Pause beinahe drei Stunden dauerte und bei welchem es einem trotzdem nie langweilig wurde. F\u00fcnf verschiedene Formationen und vier S\u00e4ngerinnen und S\u00e4nger waren am Erfolg in der Qualit\u00e4t gleichwertig beteiligt.<\/p>\n<p>Nur der Titel stimmte nicht<\/p>\n<p>Zu Beginn wiederholte das Akkordeon-Orchester das Wahlst\u00fcck, mit dem es am \u00abEidgen\u00f6ssischen\u00bb erfolgreich aufgetreten war und bewies, dass an diesem schwierigen Josef-Rixner-Werk einzig der Titel eine \u00abBagatelle\u00bb war. Auch der Nachwuchs scheint gesichert. Das Jugend-Ensemble mit einem Altersdurchschnitt von 14,5 Jahren spielte einen Little-Boogie und \u00abEwigi Li\u00e4bi\u00bb auswendig und liess sich dabei von Gasts\u00e4ngerin Carina Rutz so gut begleiten, dass sich das Publikum eine Wiederholung erklatschte.<\/p>\n<p>\u00dcberregional anerkannt<\/p>\n<p>Riesengross an Zahl und K\u00f6nnen traten die in Alter, Geschlecht und Tracht bunt zusammengesetzten Schwyzer\u00f6rgeli-fr\u00fcnde mit einem sehr gef\u00e4lligen volkst\u00fcmlichen Programm auf, das noch durch eine witzige Einlage der \u00d6rgeliflitzer erg\u00e4nzt wurde. Die jungen \u00ab\u00d6rgeli\u00bb-Spieler der Region Rorschach sind l\u00e4ngst \u00fcberregional anerkannt, sonst h\u00e4tten sie nicht so unbeschwert \u00fcber ihre TV- und Tonstudio-Erfahrungen berichten k\u00f6nnen.<\/p>\n<p>Aus Film und Musical<\/p>\n<p>Gleich nach der Pause sorgten die erwachsenen Akkordeonisten mit \u00abThe Phantom of the Opera\u00bb aus Andrew Lloyd Webbers bekanntem Musical f\u00fcr einen weiteren H\u00f6hepunkt. Zu \u00abMy Way\u00bb trat mit dem Orchester zusammen dessen Pr\u00e4sident Sergio Zulian als imponierender S\u00e4nger auf und sorgte daf\u00fcr, dass das St\u00fcck zu einer echten Hommage an Frank Sinatra wurde. Leroy Andersons modernem St\u00fcck \u00abFiddle Faddle\u00bb &#8211; einer Spende von Sonja Z\u00fcrcher aus Muolen &#8211; folgte eine Einlage des Akkordeon-Ensembles, das 2003 zum zwanzigj\u00e4hrigen Bestehen des Gesamtvereins geschaffen worden war. Noch einmal tat sich dann das Orchester mit singenden Leuten, diesmal den Geschwistern Jeanette D\u00f6rig und Cornelia Weiler, zusammen, um mit \u00abI will follow him\u00bb aus \u00abSister Act\u00bb in den Advent einzustimmen und ein weiteres Mal ein begeistertes Publikum zu erleben. Erika Wacker aus Rehetobel hatte dieses St\u00fcck gespendet und damit den Musizierenden und den Zuh\u00f6rern einen grossen Gefallen getan. Dass das Akkordeon auch ein Instrument f\u00fcr sehr moderne Musik ist, zeigte sich schliesslich im Schlussst\u00fcck \u00abDragostea Din Tei\u00bb.<\/p>\n<p>Copyright \u00a9 St.Galler Tagblatt AG<br \/>\nwww.tagblatt.ch<\/p>\n<p><a href=\"https:\/\/aorh.ch\/wp-content\/uploads\/2015\/08\/programmjk2004.pdf\">Programm<\/a><\/p>\n<p>Akkordeon-Orchester Rorschach<\/p>\n<p><a href=\"https:\/\/aorh.ch\/wp-content\/uploads\/2013\/11\/sisteract.jpg\"><img loading=\"lazy\" decoding=\"async\" class=\"aligncenter size-full wp-image-385\" src=\"https:\/\/aorh.ch\/wp-content\/uploads\/2013\/11\/sisteract.jpg\" alt=\"sisteract\" width=\"800\" height=\"531\" srcset=\"https:\/\/aorh.ch\/wp-content\/uploads\/2013\/11\/sisteract.jpg 800w, https:\/\/aorh.ch\/wp-content\/uploads\/2013\/11\/sisteract-300x199.jpg 300w\" sizes=\"auto, (max-width: 800px) 100vw, 800px\" \/><\/a><br \/>\nJugend-Akkordeon-Ensemble<\/p>\n<p><a href=\"https:\/\/aorh.ch\/wp-content\/uploads\/2013\/11\/junioren.jpg\"><img loading=\"lazy\" decoding=\"async\" class=\"aligncenter size-full wp-image-322\" src=\"https:\/\/aorh.ch\/wp-content\/uploads\/2013\/11\/junioren.jpg\" alt=\"junioren\" width=\"800\" height=\"531\" srcset=\"https:\/\/aorh.ch\/wp-content\/uploads\/2013\/11\/junioren.jpg 800w, https:\/\/aorh.ch\/wp-content\/uploads\/2013\/11\/junioren-300x199.jpg 300w\" sizes=\"auto, (max-width: 800px) 100vw, 800px\" \/><\/a><br \/>\nSchwyzer\u00f6rgelifr\u00fcnde Rorschach<\/p>\n<p><a href=\"https:\/\/aorh.ch\/wp-content\/uploads\/2013\/11\/schwyzeroergeli.jpg\"><img loading=\"lazy\" decoding=\"async\" class=\"aligncenter size-full wp-image-379\" src=\"https:\/\/aorh.ch\/wp-content\/uploads\/2013\/11\/schwyzeroergeli.jpg\" alt=\"schwyzeroergeli\" width=\"800\" height=\"531\" srcset=\"https:\/\/aorh.ch\/wp-content\/uploads\/2013\/11\/schwyzeroergeli.jpg 800w, https:\/\/aorh.ch\/wp-content\/uploads\/2013\/11\/schwyzeroergeli-300x199.jpg 300w\" sizes=\"auto, (max-width: 800px) 100vw, 800px\" \/><\/a><br \/>\nAkkordeon-Ensemble Rorschach<\/p>\n<p><a href=\"https:\/\/aorh.ch\/wp-content\/uploads\/2013\/11\/aer.jpg\"><img loading=\"lazy\" decoding=\"async\" class=\"aligncenter size-full wp-image-173\" src=\"https:\/\/aorh.ch\/wp-content\/uploads\/2013\/11\/aer.jpg\" alt=\"aer\" width=\"800\" height=\"531\" srcset=\"https:\/\/aorh.ch\/wp-content\/uploads\/2013\/11\/aer.jpg 800w, https:\/\/aorh.ch\/wp-content\/uploads\/2013\/11\/aer-300x199.jpg 300w\" sizes=\"auto, (max-width: 800px) 100vw, 800px\" \/><\/a><\/p>\n","protected":false},"excerpt":{"rendered":"<p>Dienstag, 30. November 2004 Akkordeon mit Gesang Voll besetzter Stadthof-Saal am Jahreskonzert des Akkordeonorchesters Rorschach. Rorschach bleibt unter der Leitung von Ruedi Wachter anerkannte Hochburg des Akkordeons und des mit ihm verwandten kleineren Schwyzer\u00f6rgelis. Das bewies letzten Sonntag das Akkordeon-Orchester. Peter Beerli Ein sehr zahlreiches Publikum, darunter Stadtpr\u00e4sident Thomas M\u00fcller mit Gemahlin, f\u00fcllte den Stadthofsaal&hellip; <a class=\"more-link\" href=\"https:\/\/aorh.ch\/?page_id=876\"><span class=\"screen-reader-text\">R\u00fcckblick Jahreskonzert 2004<\/span> weiterlesen<\/a><\/p>\n","protected":false},"author":1,"featured_media":0,"parent":122,"menu_order":20,"comment_status":"closed","ping_status":"closed","template":"","meta":{"footnotes":""},"class_list":["post-876","page","type-page","status-publish","hentry","entry"],"_links":{"self":[{"href":"https:\/\/aorh.ch\/index.php?rest_route=\/wp\/v2\/pages\/876","targetHints":{"allow":["GET"]}}],"collection":[{"href":"https:\/\/aorh.ch\/index.php?rest_route=\/wp\/v2\/pages"}],"about":[{"href":"https:\/\/aorh.ch\/index.php?rest_route=\/wp\/v2\/types\/page"}],"author":[{"embeddable":true,"href":"https:\/\/aorh.ch\/index.php?rest_route=\/wp\/v2\/users\/1"}],"replies":[{"embeddable":true,"href":"https:\/\/aorh.ch\/index.php?rest_route=%2Fwp%2Fv2%2Fcomments&post=876"}],"version-history":[{"count":4,"href":"https:\/\/aorh.ch\/index.php?rest_route=\/wp\/v2\/pages\/876\/revisions"}],"predecessor-version":[{"id":879,"href":"https:\/\/aorh.ch\/index.php?rest_route=\/wp\/v2\/pages\/876\/revisions\/879"}],"up":[{"embeddable":true,"href":"https:\/\/aorh.ch\/index.php?rest_route=\/wp\/v2\/pages\/122"}],"wp:attachment":[{"href":"https:\/\/aorh.ch\/index.php?rest_route=%2Fwp%2Fv2%2Fmedia&parent=876"}],"curies":[{"name":"wp","href":"https:\/\/api.w.org\/{rel}","templated":true}]}}