{"id":881,"date":"2015-04-22T21:24:19","date_gmt":"2015-04-22T19:24:19","guid":{"rendered":"http:\/\/aor.bplaced.net\/wp\/?page_id=881"},"modified":"2015-04-22T21:24:19","modified_gmt":"2015-04-22T19:24:19","slug":"ehamf-11-13-juni-2004-in-lyss","status":"publish","type":"page","link":"https:\/\/aorh.ch\/?page_id=881","title":{"rendered":"EHAMF 11.-13. Juni 2004 in Lyss"},"content":{"rendered":"<p><a href=\"https:\/\/aorh.ch\/wp-content\/uploads\/2013\/11\/ehamf.png\"><img loading=\"lazy\" decoding=\"async\" class=\" size-full wp-image-202 alignleft\" src=\"https:\/\/aorh.ch\/wp-content\/uploads\/2013\/11\/ehamf.png\" alt=\"ehamf\" width=\"249\" height=\"271\" \/><\/a><\/p>\n<p>St. Galler Tagblatt vom 17. Juni 2004<br \/>\n(Region St. Gallen\/Rorschach)<\/p>\n<p>Vorz\u00fcglich am Eidgen\u00f6ssischen<\/p>\n<p>Rorschach. Am 14. Eidgen\u00f6ssischen Harmonika- und Akkordeon-Musikfest in Lyss hat das Akkordeon-Orchester Rorschach in der Kategorie Oberstufe die Auszeichnung \u00abvorz\u00fcglich\u00bb erhalten. Das Pflichtst\u00fcck \u00abStudie f\u00fcr Akkordeon-Orchester\u00bb sowie das Wahlst\u00fcck \u00abBagatelle\u00bb wurde vor einer Jury und zahlreichen Zuh\u00f6rern vorgetragen. Eine Delegation des AOR hat auch am Festumzug teilgenommen. Dabei haben die Rorschacher bewiesen, dass im Gegensatz zu Anspannung und Konzentration beim Wettspiel auch Spass und Lockerheit zum Vereinsleben geh\u00f6ren. Der Festumzug mit \u00fcber 90 Sujets wurde durch das Fernsehen aufgezeichnet und wird am 3. Oktober um 13.10 Uhr auf SF 1 ausgestrahlt. (DE)<\/p>\n<p><a href=\"https:\/\/aorh.ch\/wp-content\/uploads\/2013\/11\/lyss.jpg\"><img loading=\"lazy\" decoding=\"async\" class=\"aligncenter size-full wp-image-334\" src=\"https:\/\/aorh.ch\/wp-content\/uploads\/2013\/11\/lyss.jpg\" alt=\"lyss\" width=\"646\" height=\"550\" srcset=\"https:\/\/aorh.ch\/wp-content\/uploads\/2013\/11\/lyss.jpg 646w, https:\/\/aorh.ch\/wp-content\/uploads\/2013\/11\/lyss-300x255.jpg 300w\" sizes=\"auto, (max-width: 646px) 100vw, 646px\" \/><\/a> <a href=\"https:\/\/aorh.ch\/wp-content\/uploads\/2013\/11\/lyss2.jpg\"><img loading=\"lazy\" decoding=\"async\" class=\"aligncenter size-full wp-image-335\" src=\"https:\/\/aorh.ch\/wp-content\/uploads\/2013\/11\/lyss2.jpg\" alt=\"lyss2\" width=\"400\" height=\"300\" srcset=\"https:\/\/aorh.ch\/wp-content\/uploads\/2013\/11\/lyss2.jpg 400w, https:\/\/aorh.ch\/wp-content\/uploads\/2013\/11\/lyss2-300x225.jpg 300w\" sizes=\"auto, (max-width: 400px) 100vw, 400px\" \/><\/a> <a href=\"https:\/\/aorh.ch\/wp-content\/uploads\/2013\/11\/lyss3.jpg\"><img loading=\"lazy\" decoding=\"async\" class=\"aligncenter size-full wp-image-336\" src=\"https:\/\/aorh.ch\/wp-content\/uploads\/2013\/11\/lyss3.jpg\" alt=\"lyss3\" width=\"400\" height=\"300\" srcset=\"https:\/\/aorh.ch\/wp-content\/uploads\/2013\/11\/lyss3.jpg 400w, https:\/\/aorh.ch\/wp-content\/uploads\/2013\/11\/lyss3-300x225.jpg 300w\" sizes=\"auto, (max-width: 400px) 100vw, 400px\" \/><\/a> <a href=\"https:\/\/aorh.ch\/wp-content\/uploads\/2013\/11\/lyss4.jpg\"><img loading=\"lazy\" decoding=\"async\" class=\"aligncenter size-full wp-image-337\" src=\"https:\/\/aorh.ch\/wp-content\/uploads\/2013\/11\/lyss4.jpg\" alt=\"lyss4\" width=\"400\" height=\"300\" srcset=\"https:\/\/aorh.ch\/wp-content\/uploads\/2013\/11\/lyss4.jpg 400w, https:\/\/aorh.ch\/wp-content\/uploads\/2013\/11\/lyss4-300x225.jpg 300w\" sizes=\"auto, (max-width: 400px) 100vw, 400px\" \/><\/a> <a href=\"https:\/\/aorh.ch\/wp-content\/uploads\/2013\/11\/lyss5.jpg\"><img loading=\"lazy\" decoding=\"async\" class=\"aligncenter size-full wp-image-338\" src=\"https:\/\/aorh.ch\/wp-content\/uploads\/2013\/11\/lyss5.jpg\" alt=\"lyss5\" width=\"400\" height=\"300\" srcset=\"https:\/\/aorh.ch\/wp-content\/uploads\/2013\/11\/lyss5.jpg 400w, https:\/\/aorh.ch\/wp-content\/uploads\/2013\/11\/lyss5-300x225.jpg 300w\" sizes=\"auto, (max-width: 400px) 100vw, 400px\" \/><\/a><\/p>\n","protected":false},"excerpt":{"rendered":"<p>St. Galler Tagblatt vom 17. Juni 2004 (Region St. Gallen\/Rorschach) Vorz\u00fcglich am Eidgen\u00f6ssischen Rorschach. Am 14. Eidgen\u00f6ssischen Harmonika- und Akkordeon-Musikfest in Lyss hat das Akkordeon-Orchester Rorschach in der Kategorie Oberstufe die Auszeichnung \u00abvorz\u00fcglich\u00bb erhalten. Das Pflichtst\u00fcck \u00abStudie f\u00fcr Akkordeon-Orchester\u00bb sowie das Wahlst\u00fcck \u00abBagatelle\u00bb wurde vor einer Jury und zahlreichen Zuh\u00f6rern vorgetragen. Eine Delegation des AOR&hellip; <a class=\"more-link\" href=\"https:\/\/aorh.ch\/?page_id=881\"><span class=\"screen-reader-text\">EHAMF 11.-13. Juni 2004 in Lyss<\/span> weiterlesen<\/a><\/p>\n","protected":false},"author":1,"featured_media":0,"parent":122,"menu_order":21,"comment_status":"closed","ping_status":"closed","template":"","meta":{"footnotes":""},"class_list":["post-881","page","type-page","status-publish","hentry","entry"],"_links":{"self":[{"href":"https:\/\/aorh.ch\/index.php?rest_route=\/wp\/v2\/pages\/881","targetHints":{"allow":["GET"]}}],"collection":[{"href":"https:\/\/aorh.ch\/index.php?rest_route=\/wp\/v2\/pages"}],"about":[{"href":"https:\/\/aorh.ch\/index.php?rest_route=\/wp\/v2\/types\/page"}],"author":[{"embeddable":true,"href":"https:\/\/aorh.ch\/index.php?rest_route=\/wp\/v2\/users\/1"}],"replies":[{"embeddable":true,"href":"https:\/\/aorh.ch\/index.php?rest_route=%2Fwp%2Fv2%2Fcomments&post=881"}],"version-history":[{"count":2,"href":"https:\/\/aorh.ch\/index.php?rest_route=\/wp\/v2\/pages\/881\/revisions"}],"predecessor-version":[{"id":883,"href":"https:\/\/aorh.ch\/index.php?rest_route=\/wp\/v2\/pages\/881\/revisions\/883"}],"up":[{"embeddable":true,"href":"https:\/\/aorh.ch\/index.php?rest_route=\/wp\/v2\/pages\/122"}],"wp:attachment":[{"href":"https:\/\/aorh.ch\/index.php?rest_route=%2Fwp%2Fv2%2Fmedia&parent=881"}],"curies":[{"name":"wp","href":"https:\/\/api.w.org\/{rel}","templated":true}]}}