{"id":898,"date":"2015-04-22T21:53:33","date_gmt":"2015-04-22T19:53:33","guid":{"rendered":"http:\/\/aor.bplaced.net\/wp\/?page_id=898"},"modified":"2015-04-22T21:53:33","modified_gmt":"2015-04-22T19:53:33","slug":"jungmusikanten-wettbewerb","status":"publish","type":"page","link":"https:\/\/aorh.ch\/?page_id=898","title":{"rendered":"Jungmusikanten Wettbewerb"},"content":{"rendered":"<p>Die Folklore-Finalisten 2004<\/p>\n<p>Am Wochenende vom 30. April fanden die regionalen<br \/>\nQualifikations-Konzerte des 9. Schweizerischen Nachwuchsjodler- und des 11. Schweizerischen Jungmusikanten-<br \/>\nWettbewerbes statt.<br \/>\nIn Rorschach SG, Gisikon LU und Bannwil BE trafen sie die Jugendlichen (bis zum 20.<br \/>\nAltersjahr) aus der ganzen Schweiz zu den Qualifikationskonzerten 2004. Die Jodel- und<br \/>\nVolksmusik-Vortr\u00e4ge waren sehr abwechslungsreich. Von jungen Anf\u00e4ngern bis zu<br \/>\nerfahrenen Fortgeschrittenen wurden die Vortr\u00e4ge pr\u00e4sentiert. Das zahlreich erschienene<br \/>\nPublikum war durch die herzhaften Folklore-Vortr\u00e4ge der Jugendlichen sehr ber\u00fchrt und<br \/>\nbedankte sich mit grossem Applaus.<\/p>\n<p><a href=\"https:\/\/aorh.ch\/wp-content\/uploads\/2013\/11\/jungm.jpg\"><img loading=\"lazy\" decoding=\"async\" class=\"aligncenter size-full wp-image-320\" src=\"https:\/\/aorh.ch\/wp-content\/uploads\/2013\/11\/jungm.jpg\" alt=\"jungm\" width=\"481\" height=\"360\" srcset=\"https:\/\/aorh.ch\/wp-content\/uploads\/2013\/11\/jungm.jpg 481w, https:\/\/aorh.ch\/wp-content\/uploads\/2013\/11\/jungm-300x224.jpg 300w\" sizes=\"auto, (max-width: 481px) 100vw, 481px\" \/><\/a><\/p>\n<p>Die prominent besetzte Fachjury (Gody Studer, Marianne Smug, Matthias W\u00fcthrich, Alex<br \/>\nEugster, Hans Aregger und Beat Aebersold) haben aus der grossen Zahl von Jodel- und<br \/>\nVolksmusik-Vortr\u00e4gen die Finalistinnen und Finalisten f\u00fcr den Nationalen Final am 25. Juni<br \/>\n2004 im Kulturzentrum Braui in Hochdorf LU ausgew\u00e4hlt. Der Galaabend ist gleichzeitig der<br \/>\nAuftakt zum Zentralschweizerischen Jodlerfest. Der Nationale Final wird von Schweizer<br \/>\nRadio DRS 1 aufgezeichnet und am 2. Juli 2004 von 21 bis 22 Uhr gesendet.<\/p>\n<p>Und hier sind die Finalistinnen und Finalisten<br \/>\ndes 9. Schweizerischen Nachwuchsjodler-Wettbewerbes und<br \/>\ndes 11. Schweizerischen Jungmusikanten-Wettbewerbes 2004:<\/p>\n<p>(In alphabetischer Reihenfolge)<br \/>\nJodeln:<\/p>\n<p>&#8211; Solojodlerin Larissa Beck, Langenthal BE<\/p>\n<p>&#8211; Jodlerduett Brun-Felder, Entlebuch LU<\/p>\n<p>&#8211; Jodelterzett Engiadina, Samedan GR<\/p>\n<p>&#8211; Jugendchor Fl\u00fchli-S\u00f6renberg, Fl\u00fchli und S\u00f6renberg LU<\/p>\n<p>&#8211; Gruppe vom Kinderjodleerch\u00f6rli G\u00fcrbetal, Belp BE<\/p>\n<p>&#8211; Jodlerduett Marco und Sandra Kunz, Schwanden, BE<\/p>\n<p>&#8211; Oberengadiner Kinderjodelch\u00f6rli, Samedan GR<\/p>\n<p>&#8211; Solojodler Moritz Schaller, S\u00f6renberg LU<\/p>\n<p>Volksmusik:<\/p>\n<p>&#8211; Schwyzer\u00f6rgeliquartett Blue Boys, Rothenburg LU<\/p>\n<p>&#8211; Chr\u00fcz und Cher, Hergiswil NW<\/p>\n<p>&#8211; Kapelle Edelstee, Appenzell AI<\/p>\n<p>&#8211; Schwyzer\u00f6rgelitrio Nie daheim, Rohrbach BE<\/p>\n<p>&#8211; \u00d6rgeliflitzer, Rorschach SG<\/p>\n<p>&#8211; Palaver, Neu St. Johann SG<\/p>\n<p>&#8211; Akkordeonduo Piras, Rorschach SG<\/p>\n<p>&#8211; Schwyzer\u00f6rgeli-Jungformation Senseland, Im Fang FR<\/p>\n<p>&#8211; Formation SIRO, Rorschach SG<\/p>\n<p>&#8211; \u00d6rgeli-Buebe Steinhuserberg, Steinhuserberg LU<\/p>\n<p>&#8211; Familie Wegm\u00fcller, R\u00fcegsbach BE<\/p>\n<p>&#8211; Zigg-Zagg, H\u00f6lstein BL<\/p>\n<p>&#8211; Hackbrett-Solist Ueli Zwingli, Neu St. Johann SG<\/p>\n<p>Die besten Formationen des Nationalen Finals werden als Preis unter professionellen<br \/>\nBedingungen eine neue CD im Tonstudio der Tell Music AG produzieren. Der neue<br \/>\nTontr\u00e4ger \u201eFolklore-Volltr\u00e4ffer 2004&#8243; wird am 19. Dezember 2004 anl\u00e4sslich der Folklore-<br \/>\nWeihnacht gemeinsam von den Jugendlichen getauft. Weitere Preise f\u00fcr die Sieger sind:<br \/>\nAuftritte am Schweizer Fernsehen DRS, Radiosendungen, der Final der Finalisten am 30.<br \/>\nOktober 2004 anl\u00e4sslich der Bergk\u00e4se-Olympiade in Appenzell, Diplome und Pokale sowie<br \/>\nAuftrittsm\u00f6glichkeiten bei diversen Folklore-Veranstaltungen.<br \/>\nDie Partner dieser von der IG zur F\u00f6rderung der Schweizer Folklore organisierten Nachwuchs-<br \/>\nWettbewerbe sind: Schweizer Radio DRS 1, Musigw\u00e4lle 531, Schweizer Fernsehen DRS, OK<br \/>\nZentralschweizerisches Jodlerfest Hochdorf LU, OK 3. Bergk\u00e4se-Olympiade Appenzell, Tell<br \/>\nMusic AG, Schweizer Folklore-Illustrierte Alpenrosen, Eidgen\u00f6ssischer Jodlerverband EJV<br \/>\nund Verband Schweizer Volksmusik VSV.<\/p>\n","protected":false},"excerpt":{"rendered":"<p>Die Folklore-Finalisten 2004 Am Wochenende vom 30. April fanden die regionalen Qualifikations-Konzerte des 9. Schweizerischen Nachwuchsjodler- und des 11. Schweizerischen Jungmusikanten- Wettbewerbes statt. In Rorschach SG, Gisikon LU und Bannwil BE trafen sie die Jugendlichen (bis zum 20. Altersjahr) aus der ganzen Schweiz zu den Qualifikationskonzerten 2004. Die Jodel- und Volksmusik-Vortr\u00e4ge waren sehr abwechslungsreich. Von&hellip; <a class=\"more-link\" href=\"https:\/\/aorh.ch\/?page_id=898\"><span class=\"screen-reader-text\">Jungmusikanten Wettbewerb<\/span> weiterlesen<\/a><\/p>\n","protected":false},"author":1,"featured_media":0,"parent":122,"menu_order":25,"comment_status":"closed","ping_status":"closed","template":"","meta":{"footnotes":""},"class_list":["post-898","page","type-page","status-publish","hentry","entry"],"_links":{"self":[{"href":"https:\/\/aorh.ch\/index.php?rest_route=\/wp\/v2\/pages\/898","targetHints":{"allow":["GET"]}}],"collection":[{"href":"https:\/\/aorh.ch\/index.php?rest_route=\/wp\/v2\/pages"}],"about":[{"href":"https:\/\/aorh.ch\/index.php?rest_route=\/wp\/v2\/types\/page"}],"author":[{"embeddable":true,"href":"https:\/\/aorh.ch\/index.php?rest_route=\/wp\/v2\/users\/1"}],"replies":[{"embeddable":true,"href":"https:\/\/aorh.ch\/index.php?rest_route=%2Fwp%2Fv2%2Fcomments&post=898"}],"version-history":[{"count":3,"href":"https:\/\/aorh.ch\/index.php?rest_route=\/wp\/v2\/pages\/898\/revisions"}],"predecessor-version":[{"id":901,"href":"https:\/\/aorh.ch\/index.php?rest_route=\/wp\/v2\/pages\/898\/revisions\/901"}],"up":[{"embeddable":true,"href":"https:\/\/aorh.ch\/index.php?rest_route=\/wp\/v2\/pages\/122"}],"wp:attachment":[{"href":"https:\/\/aorh.ch\/index.php?rest_route=%2Fwp%2Fv2%2Fmedia&parent=898"}],"curies":[{"name":"wp","href":"https:\/\/api.w.org\/{rel}","templated":true}]}}