{"id":917,"date":"2015-04-22T22:24:14","date_gmt":"2015-04-22T20:24:14","guid":{"rendered":"http:\/\/aor.bplaced.net\/wp\/?page_id=917"},"modified":"2015-04-22T22:24:14","modified_gmt":"2015-04-22T20:24:14","slug":"13-ehamf-16-17-18-juni-2000-in-luzern","status":"publish","type":"page","link":"https:\/\/aorh.ch\/?page_id=917","title":{"rendered":"13. EHAMF 16.\/17.\/18. Juni 2000 in Luzern"},"content":{"rendered":"<p>Ostschweizer Tagblatt vom 22. Juni 2000 (Region Rorschach):<\/p>\n<p>Das Akkordeonorchester Rorschach beteiligte sich am Eidgen\u00f6ssischen Harmonika- und Akkordeon-Musikfest in Luzern. Unter der Leitung von Ruedi Wachter trugen die Rorschacher der Jury zum erstem Mal in der Kategorie Oberstufe das Wettst\u00fcck &#8222;Russische Fantasie&#8220; und das Pflichtst\u00fcck &#8222;Arabesque&#8220; vor. Das Orchester erreichte die Bewertung &#8222;vorz\u00fcglich&#8220; \u2013 die h\u00f6chste Auszeichnung. Ebenso wurde ihm am Sonntagsumzug, der am Fernsehen \u00fcbertragen wurde, der erste Preis f\u00fcr die beste musikalische Darbietung zugesprochen.<\/p>\n<p>Einige <a href=\"https:\/\/aorh.ch\/wp-content\/uploads\/2013\/11\/umzug2.mp3\">Impressionen<\/a> vom Umzug (Direkt\u00fcbertragung SF1 18.6.)<\/p>\n<p><a href=\"https:\/\/aorh.ch\/wp-content\/uploads\/2013\/11\/umzug.jpg\"><img loading=\"lazy\" decoding=\"async\" class=\"aligncenter size-full wp-image-429\" src=\"https:\/\/aorh.ch\/wp-content\/uploads\/2013\/11\/umzug.jpg\" alt=\"umzug\" width=\"400\" height=\"300\" srcset=\"https:\/\/aorh.ch\/wp-content\/uploads\/2013\/11\/umzug.jpg 400w, https:\/\/aorh.ch\/wp-content\/uploads\/2013\/11\/umzug-300x225.jpg 300w\" sizes=\"auto, (max-width: 400px) 100vw, 400px\" \/><\/a><\/p>\n","protected":false},"excerpt":{"rendered":"<p>Ostschweizer Tagblatt vom 22. Juni 2000 (Region Rorschach): Das Akkordeonorchester Rorschach beteiligte sich am Eidgen\u00f6ssischen Harmonika- und Akkordeon-Musikfest in Luzern. Unter der Leitung von Ruedi Wachter trugen die Rorschacher der Jury zum erstem Mal in der Kategorie Oberstufe das Wettst\u00fcck &#8222;Russische Fantasie&#8220; und das Pflichtst\u00fcck &#8222;Arabesque&#8220; vor. Das Orchester erreichte die Bewertung &#8222;vorz\u00fcglich&#8220; \u2013 die&hellip; <a class=\"more-link\" href=\"https:\/\/aorh.ch\/?page_id=917\"><span class=\"screen-reader-text\">13. EHAMF 16.\/17.\/18. Juni 2000 in Luzern<\/span> weiterlesen<\/a><\/p>\n","protected":false},"author":1,"featured_media":0,"parent":122,"menu_order":28,"comment_status":"closed","ping_status":"closed","template":"","meta":{"footnotes":""},"class_list":["post-917","page","type-page","status-publish","hentry","entry"],"_links":{"self":[{"href":"https:\/\/aorh.ch\/index.php?rest_route=\/wp\/v2\/pages\/917","targetHints":{"allow":["GET"]}}],"collection":[{"href":"https:\/\/aorh.ch\/index.php?rest_route=\/wp\/v2\/pages"}],"about":[{"href":"https:\/\/aorh.ch\/index.php?rest_route=\/wp\/v2\/types\/page"}],"author":[{"embeddable":true,"href":"https:\/\/aorh.ch\/index.php?rest_route=\/wp\/v2\/users\/1"}],"replies":[{"embeddable":true,"href":"https:\/\/aorh.ch\/index.php?rest_route=%2Fwp%2Fv2%2Fcomments&post=917"}],"version-history":[{"count":3,"href":"https:\/\/aorh.ch\/index.php?rest_route=\/wp\/v2\/pages\/917\/revisions"}],"predecessor-version":[{"id":920,"href":"https:\/\/aorh.ch\/index.php?rest_route=\/wp\/v2\/pages\/917\/revisions\/920"}],"up":[{"embeddable":true,"href":"https:\/\/aorh.ch\/index.php?rest_route=\/wp\/v2\/pages\/122"}],"wp:attachment":[{"href":"https:\/\/aorh.ch\/index.php?rest_route=%2Fwp%2Fv2%2Fmedia&parent=917"}],"curies":[{"name":"wp","href":"https:\/\/api.w.org\/{rel}","templated":true}]}}